{"id":1044,"date":"2025-09-16T21:17:20","date_gmt":"2025-09-17T01:17:20","guid":{"rendered":"https:\/\/venezuela.mapbiomas.org\/?page_id=1044"},"modified":"2025-09-16T21:20:35","modified_gmt":"2025-09-17T01:20:35","slug":"tutoriales","status":"publish","type":"page","link":"https:\/\/venezuela.mapbiomas.org\/en\/tutoriales\/","title":{"rendered":"Tutorials"},"content":{"rendered":"<p>Learn how to access the MapBiomas Venezuela data platform, download collections, add layers of information, explore statistics, create and save maps and much more.<\/p>\n\n\n\n<div class=\"wp-block-group is-layout-constrained\">\n<p><strong>Virtual Workshop on Using the MapBiomas Venezuela Platform (Collection 2)<\/strong><\/p>\n\n\n\n<figure class=\"wp-block-embed is-type-video is-provider-youtube wp-block-embed-youtube wp-embed-aspect-16-9 wp-has-aspect-ratio\"><div class=\"wp-block-embed__wrapper\">\n<iframe loading=\"lazy\" title=\"Introducci\u00f3n y Gu\u00eda Pr\u00e1ctica de la Plataforma MapBiomas Venezuela\" width=\"500\" height=\"281\" src=\"https:\/\/www.youtube.com\/embed\/04QRe0OvXdw?feature=oembed\" frameborder=\"0\" allow=\"accelerometer; autoplay; clipboard-write; encrypted-media; gyroscope; picture-in-picture; web-share\" referrerpolicy=\"strict-origin-when-cross-origin\" allowfullscreen><\/iframe>\n<\/div><\/figure>\n<\/div>\n\n\n\n<div class=\"wp-block-group is-layout-constrained\">\n<p><strong>Manual on the Use of the MapBiomas Venezuela Platform (Collection 2)<\/strong><\/p>\n\n\n\n<p><a href=\"https:\/\/drive.google.com\/file\/d\/1fcykPJLaXC1rePXGtEn3JDNW9NiDTRGd\/view?usp=drive_link\"><strong>PDF version available here<\/strong><\/a><\/p>\n<\/div>\n\n\n\n<div class=\"wp-block-group is-layout-constrained\">\n<p><strong>Platform access and structure | MapBiomas Venezuela<\/strong><\/p>\n\n\n\n<figure class=\"wp-block-embed is-type-video is-provider-youtube wp-block-embed-youtube wp-embed-aspect-16-9 wp-has-aspect-ratio\"><div class=\"wp-block-embed__wrapper\">\n<iframe loading=\"lazy\" title=\"Platform access and structure | MapBiomas Venezuela\" width=\"500\" height=\"281\" src=\"https:\/\/www.youtube.com\/embed\/oWIsUaoXcFQ?feature=oembed\" frameborder=\"0\" allow=\"accelerometer; autoplay; clipboard-write; encrypted-media; gyroscope; picture-in-picture; web-share\" referrerpolicy=\"strict-origin-when-cross-origin\" allowfullscreen><\/iframe>\n<\/div><\/figure>\n<\/div>\n\n\n\n<div class=\"wp-block-group is-layout-constrained\">\n<p><strong>Download of materials for disseminating land use and coverage results<\/strong><\/p>\n\n\n\n<figure class=\"wp-block-embed is-type-video is-provider-youtube wp-block-embed-youtube wp-embed-aspect-16-9 wp-has-aspect-ratio\"><div class=\"wp-block-embed__wrapper\">\n<iframe loading=\"lazy\" title=\"Descarga de materiales de divulgaci\u00f3n de resultados de cobertura y uso del suelo | MapBiomasVE\" width=\"500\" height=\"281\" src=\"https:\/\/www.youtube.com\/embed\/k2JupyG1Cnw?feature=oembed\" frameborder=\"0\" allow=\"accelerometer; autoplay; clipboard-write; encrypted-media; gyroscope; picture-in-picture; web-share\" referrerpolicy=\"strict-origin-when-cross-origin\" allowfullscreen><\/iframe>\n<\/div><\/figure>\n<\/div>\n\n\n\n<div class=\"wp-block-group is-layout-constrained\">\n<p><strong>Land cover and use legend<\/strong><\/p>\n\n\n\n<figure class=\"wp-block-embed is-type-video is-provider-youtube wp-block-embed-youtube wp-embed-aspect-16-9 wp-has-aspect-ratio\"><div class=\"wp-block-embed__wrapper\">\n<iframe loading=\"lazy\" title=\"Leyenda de cobertura y uso del suelo | MapBiomas Venezuela\" width=\"500\" height=\"281\" src=\"https:\/\/www.youtube.com\/embed\/2LL2uKativ0?feature=oembed\" frameborder=\"0\" allow=\"accelerometer; autoplay; clipboard-write; encrypted-media; gyroscope; picture-in-picture; web-share\" referrerpolicy=\"strict-origin-when-cross-origin\" allowfullscreen><\/iframe>\n<\/div><\/figure>\n<\/div>\n\n\n\n<div class=\"wp-block-group is-layout-constrained\">\n<p><strong>How to cite land cover and land use maps?&nbsp;<\/strong><\/p>\n\n\n\n<figure class=\"wp-block-embed is-type-video is-provider-youtube wp-block-embed-youtube wp-embed-aspect-16-9 wp-has-aspect-ratio\"><div class=\"wp-block-embed__wrapper\">\n<iframe loading=\"lazy\" title=\"\u00bfC\u00f3mo citar los mapas de cobertura y uso del suelo? | MapBiomas Venezuela\" width=\"500\" height=\"281\" src=\"https:\/\/www.youtube.com\/embed\/ph7HBEcZxPI?feature=oembed\" frameborder=\"0\" allow=\"accelerometer; autoplay; clipboard-write; encrypted-media; gyroscope; picture-in-picture; web-share\" referrerpolicy=\"strict-origin-when-cross-origin\" allowfullscreen><\/iframe>\n<\/div><\/figure>\n<\/div>\n\n\n\n<div class=\"wp-block-group is-layout-constrained\">\n<p><strong>Online Query: User Interface<\/strong><\/p>\n\n\n\n<figure class=\"wp-block-embed is-type-video is-provider-youtube wp-block-embed-youtube wp-embed-aspect-16-9 wp-has-aspect-ratio\"><div class=\"wp-block-embed__wrapper\">\n<iframe loading=\"lazy\" title=\"Consulta en l\u00ednea: interfaz de usuario | MapBiomas Venezuela\" width=\"500\" height=\"281\" src=\"https:\/\/www.youtube.com\/embed\/iETffviViFQ?feature=oembed\" frameborder=\"0\" allow=\"accelerometer; autoplay; clipboard-write; encrypted-media; gyroscope; picture-in-picture; web-share\" referrerpolicy=\"strict-origin-when-cross-origin\" allowfullscreen><\/iframe>\n<\/div><\/figure>\n<\/div>\n\n\n\n<div class=\"wp-block-group is-layout-constrained\">\n<p><strong>Coverage inquiries or coverage transitions<\/strong><\/p>\n\n\n\n<figure class=\"wp-block-embed is-type-video is-provider-youtube wp-block-embed-youtube wp-embed-aspect-16-9 wp-has-aspect-ratio\"><div class=\"wp-block-embed__wrapper\">\n<iframe loading=\"lazy\" title=\"Consultas de cobertura o transiciones de cobertura | MapBiomas Venezuela\" width=\"500\" height=\"281\" src=\"https:\/\/www.youtube.com\/embed\/jSTFW5DV4bc?feature=oembed\" frameborder=\"0\" allow=\"accelerometer; autoplay; clipboard-write; encrypted-media; gyroscope; picture-in-picture; web-share\" referrerpolicy=\"strict-origin-when-cross-origin\" allowfullscreen><\/iframe>\n<\/div><\/figure>\n<\/div>\n\n\n\n<div class=\"wp-block-group is-layout-constrained\">\n<p><strong>Statistics in the user interface<\/strong><\/p>\n\n\n\n<figure class=\"wp-block-embed is-type-video is-provider-youtube wp-block-embed-youtube wp-embed-aspect-16-9 wp-has-aspect-ratio\"><div class=\"wp-block-embed__wrapper\">\n<iframe loading=\"lazy\" title=\"Estad\u00edsticas en la interfaz de usuario | MapBiomas Venezuela\" width=\"500\" height=\"281\" src=\"https:\/\/www.youtube.com\/embed\/iPP6JrdVHPE?feature=oembed\" frameborder=\"0\" allow=\"accelerometer; autoplay; clipboard-write; encrypted-media; gyroscope; picture-in-picture; web-share\" referrerpolicy=\"strict-origin-when-cross-origin\" allowfullscreen><\/iframe>\n<\/div><\/figure>\n<\/div>\n\n\n\n<div class=\"wp-block-group is-layout-constrained\">\n<p><strong>Spatial query options<\/strong><\/p>\n\n\n\n<figure class=\"wp-block-embed is-type-video is-provider-youtube wp-block-embed-youtube wp-embed-aspect-16-9 wp-has-aspect-ratio\"><div class=\"wp-block-embed__wrapper\">\n<iframe loading=\"lazy\" title=\"Opciones de consultas espaciales | MapBiomas Venezuela\" width=\"500\" height=\"281\" src=\"https:\/\/www.youtube.com\/embed\/dJ6RHuMXFys?feature=oembed\" frameborder=\"0\" allow=\"accelerometer; autoplay; clipboard-write; encrypted-media; gyroscope; picture-in-picture; web-share\" referrerpolicy=\"strict-origin-when-cross-origin\" allowfullscreen><\/iframe>\n<\/div><\/figure>\n<\/div>\n\n\n\n<div class=\"wp-block-group is-layout-constrained\">\n<p><strong>Spatial query using user geometry<\/strong><\/p>\n\n\n\n<figure class=\"wp-block-embed is-type-video is-provider-youtube wp-block-embed-youtube wp-embed-aspect-16-9 wp-has-aspect-ratio\"><div class=\"wp-block-embed__wrapper\">\n<iframe loading=\"lazy\" title=\"Consulta espacial mediante geometr\u00eda del usuario | MapBiomas Venezuela\" width=\"500\" height=\"281\" src=\"https:\/\/www.youtube.com\/embed\/szwpLUnDNoM?feature=oembed\" frameborder=\"0\" allow=\"accelerometer; autoplay; clipboard-write; encrypted-media; gyroscope; picture-in-picture; web-share\" referrerpolicy=\"strict-origin-when-cross-origin\" allowfullscreen><\/iframe>\n<\/div><\/figure>\n<\/div>\n\n\n\n<div class=\"wp-block-group is-layout-constrained\">\n<p><strong>Coverage transition queries&nbsp;<\/strong><\/p>\n\n\n\n<figure class=\"wp-block-embed is-type-video is-provider-youtube wp-block-embed-youtube wp-embed-aspect-16-9 wp-has-aspect-ratio\"><div class=\"wp-block-embed__wrapper\">\n<iframe loading=\"lazy\" title=\"Consultas de transiciones de coberturas | MapBiomas Venezuela\" width=\"500\" height=\"281\" src=\"https:\/\/www.youtube.com\/embed\/H88lEng7zeI?feature=oembed\" frameborder=\"0\" allow=\"accelerometer; autoplay; clipboard-write; encrypted-media; gyroscope; picture-in-picture; web-share\" referrerpolicy=\"strict-origin-when-cross-origin\" allowfullscreen><\/iframe>\n<\/div><\/figure>\n<\/div>\n\n\n\n<div class=\"wp-block-group is-layout-constrained\">\n<p><strong>How do I download Land Cover and Use materials?<\/strong><\/p>\n\n\n\n<figure class=\"wp-block-embed is-type-video is-provider-youtube wp-block-embed-youtube wp-embed-aspect-16-9 wp-has-aspect-ratio\"><div class=\"wp-block-embed__wrapper\">\n<iframe loading=\"lazy\" title=\"\u00bfC\u00f3mo se descargan los Mapas Anuales de Cobertura y Uso del Suelo? | MapBiomas Venezuela\" width=\"500\" height=\"281\" src=\"https:\/\/www.youtube.com\/embed\/9ESVa6at1g4?feature=oembed\" frameborder=\"0\" allow=\"accelerometer; autoplay; clipboard-write; encrypted-media; gyroscope; picture-in-picture; web-share\" referrerpolicy=\"strict-origin-when-cross-origin\" allowfullscreen><\/iframe>\n<\/div><\/figure>\n<\/div>\n\n\n\n<div class=\"wp-block-group is-layout-constrained\">\n<p><strong>Download reference vector layers<\/strong><\/p>\n\n\n\n<figure class=\"wp-block-embed is-type-video is-provider-youtube wp-block-embed-youtube wp-embed-aspect-16-9 wp-has-aspect-ratio\"><div class=\"wp-block-embed__wrapper\">\n<iframe loading=\"lazy\" title=\"Descarga de capas vectoriales de referencia | MapBiomas Venezuela\" width=\"500\" height=\"281\" src=\"https:\/\/www.youtube.com\/embed\/djo5l66gW-4?feature=oembed\" frameborder=\"0\" allow=\"accelerometer; autoplay; clipboard-write; encrypted-media; gyroscope; picture-in-picture; web-share\" referrerpolicy=\"strict-origin-when-cross-origin\" allowfullscreen><\/iframe>\n<\/div><\/figure>\n<\/div>\n\n\n\n<div class=\"wp-block-group is-layout-constrained\">\n<p><strong>Downloading tabulated statistics for map collections<\/strong><\/p>\n\n\n\n<figure class=\"wp-block-embed is-type-video is-provider-youtube wp-block-embed-youtube wp-embed-aspect-16-9 wp-has-aspect-ratio\"><div class=\"wp-block-embed__wrapper\">\n<iframe loading=\"lazy\" title=\"Descarga de las estad\u00edsticas tabuladas de las colecciones de mapas | MapBiomas Venezuela\" width=\"500\" height=\"281\" src=\"https:\/\/www.youtube.com\/embed\/6dLMfSijUh4?feature=oembed\" frameborder=\"0\" allow=\"accelerometer; autoplay; clipboard-write; encrypted-media; gyroscope; picture-in-picture; web-share\" referrerpolicy=\"strict-origin-when-cross-origin\" allowfullscreen><\/iframe>\n<\/div><\/figure>\n<\/div>\n\n\n\n<div class=\"wp-block-group is-layout-constrained\">\n<p><strong>Downloading Landsat maps and image mosaics for Google Earth Engine users<\/strong><\/p>\n\n\n\n<figure class=\"wp-block-embed is-type-video is-provider-youtube wp-block-embed-youtube wp-embed-aspect-16-9 wp-has-aspect-ratio\"><div class=\"wp-block-embed__wrapper\">\n<iframe loading=\"lazy\" title=\"Descarga de mapas y mosaicos de im\u00e1genes Landsat para usuarios de Google Earth Engine | MapBiomasVE\" width=\"500\" height=\"281\" src=\"https:\/\/www.youtube.com\/embed\/dEzHGXfTchI?feature=oembed\" frameborder=\"0\" allow=\"accelerometer; autoplay; clipboard-write; encrypted-media; gyroscope; picture-in-picture; web-share\" referrerpolicy=\"strict-origin-when-cross-origin\" allowfullscreen><\/iframe>\n<\/div><\/figure>\n<\/div>","protected":false},"excerpt":{"rendered":"<p>Aprenda c\u00f3mo acceder a la plataforma de datos de MapBiomas Venezuela, descargar colecciones, agregar capas de informaci\u00f3n, explorar estad\u00edsticas, crear y guardar mapas, y mucho m\u00e1s. Taller Virtual de Uso de la Plataforma MapBiomas Venezuela (Colecci\u00f3n 2) Manual sobre el Uso de la Plataforma MapBiomas Venezuela (Colecci\u00f3n 2) Versi\u00f3n PDF disponible aqu\u00ed Acceso y estructura [&hellip;]<\/p>","protected":false},"author":3,"featured_media":0,"parent":0,"menu_order":0,"comment_status":"closed","ping_status":"closed","template":"","meta":{"_uag_custom_page_level_css":""},"acf":[],"uagb_featured_image_src":{"full":false,"thumbnail":false,"medium":false,"medium_large":false,"large":false,"1536x1536":false,"2048x2048":false,"trp-custom-language-flag":false,"infographic":false,"team":false},"uagb_author_info":{"display_name":"Rafael Coelho","author_link":"https:\/\/venezuela.mapbiomas.org\/en\/author\/rafael-coelho\/"},"uagb_comment_info":0,"uagb_excerpt":"Aprenda c\u00f3mo acceder a la plataforma de datos de MapBiomas Venezuela, descargar colecciones, agregar capas de informaci\u00f3n, explorar estad\u00edsticas, crear y guardar mapas, y mucho m\u00e1s. Taller Virtual de Uso de la Plataforma MapBiomas Venezuela (Colecci\u00f3n 2) Manual sobre el Uso de la Plataforma MapBiomas Venezuela (Colecci\u00f3n 2) Versi\u00f3n PDF disponible aqu\u00ed Acceso y estructura&hellip;","_links":{"self":[{"href":"https:\/\/venezuela.mapbiomas.org\/en\/wp-json\/wp\/v2\/pages\/1044"}],"collection":[{"href":"https:\/\/venezuela.mapbiomas.org\/en\/wp-json\/wp\/v2\/pages"}],"about":[{"href":"https:\/\/venezuela.mapbiomas.org\/en\/wp-json\/wp\/v2\/types\/page"}],"author":[{"embeddable":true,"href":"https:\/\/venezuela.mapbiomas.org\/en\/wp-json\/wp\/v2\/users\/3"}],"replies":[{"embeddable":true,"href":"https:\/\/venezuela.mapbiomas.org\/en\/wp-json\/wp\/v2\/comments?post=1044"}],"version-history":[{"count":4,"href":"https:\/\/venezuela.mapbiomas.org\/en\/wp-json\/wp\/v2\/pages\/1044\/revisions"}],"predecessor-version":[{"id":1048,"href":"https:\/\/venezuela.mapbiomas.org\/en\/wp-json\/wp\/v2\/pages\/1044\/revisions\/1048"}],"wp:attachment":[{"href":"https:\/\/venezuela.mapbiomas.org\/en\/wp-json\/wp\/v2\/media?parent=1044"}],"curies":[{"name":"wp","href":"https:\/\/api.w.org\/{rel}","templated":true}]}}