{"id":1399,"date":"2026-03-13T10:08:41","date_gmt":"2026-03-13T14:08:41","guid":{"rendered":"https:\/\/venezuela.mapbiomas.org\/?page_id=1399"},"modified":"2026-03-13T12:25:30","modified_gmt":"2026-03-13T16:25:30","slug":"segunda-edicion-del-premio-mapbiomas-venezuela","status":"publish","type":"page","link":"https:\/\/venezuela.mapbiomas.org\/en\/segunda-edicion-del-premio-mapbiomas-venezuela\/","title":{"rendered":"Segunda Edici\u00f3n del Premio MapBiomas Venezuela"},"content":{"rendered":"<div class=\"wp-block-uagb-image aligncenter uagb-block-998863d0 wp-block-uagb-image--layout-default wp-block-uagb-image--effect-static wp-block-uagb-image--align-center\"><figure class=\"wp-block-uagb-image__figure\"><img decoding=\"async\" src=\"https:\/\/venezuela.mapbiomas.org\/wp-content\/uploads\/sites\/5\/2026\/03\/1_Banner_2doPremioSin-franja_HOME-1024x384.png\" alt=\"\" class=\"uag-image-1402\" width=\"1024\" height=\"384\" title=\"\" loading=\"lazy\" \/><\/figure><\/div>\n\n\n\n<div class=\"wp-block-uagb-container uagb-block-2320661a default uagb-is-root-container\">\n<div class=\"wp-block-uagb-container uagb-block-7d5ae591\">\n<div class=\"wp-block-uagb-container uagb-block-bf1b6994\">\n<div class=\"wp-block-buttons is-content-justification-right is-layout-flex wp-container-1\">\n<div class=\"wp-block-button has-custom-width wp-block-button__width-75 is-style-info\" id=\"https:\/\/colombia.mapbiomas.org\/wp-content\/uploads\/sites\/3\/2025\/04\/Bases-1era-Edicion-Premio-MapBiomas-Colombia-2025.pdf\"><a class=\"wp-block-button__link wp-element-button\" href=\"https:\/\/venezuela.mapbiomas.org\/wp-content\/uploads\/sites\/5\/2026\/03\/Premio-MB-Venezuela-2026_Bases_v2-1.pdf\" target=\"_blank\" rel=\"https:\/\/colombia.mapbiomas.org\/wp-content\/uploads\/sites\/3\/2025\/04\/Bases-1era-Edicion-Premio-MapBiomas-Colombia-2025.pdf noopener\">Bases<\/a><\/div>\n<\/div>\n<\/div>\n\n\n\n<div class=\"wp-block-uagb-container uagb-block-7179051d\">\n<div class=\"wp-block-buttons is-content-justification-left is-layout-flex wp-container-2\" id=\"https:\/\/docs.google.com\/forms\/d\/e\/1FAIpQLScA0BoBx37JgCv_CoEHpSKWHdRuTZG3UMNgmFgQexAHFP6bzA\/viewform\">\n<div class=\"wp-block-button has-custom-width wp-block-button__width-75 is-style-info\" id=\"https:\/\/docs.google.com\/forms\/d\/e\/1FAIpQLScA0BoBx37JgCv_CoEHpSKWHdRuTZG3UMNgmFgQexAHFP6bzA\/viewform\"><a class=\"wp-block-button__link wp-element-button\" href=\"https:\/\/docs.google.com\/forms\/d\/e\/1FAIpQLScoFfHaMvpNdO7cRA8l91Egk9oSveCLBV03kqfGzQKI5JyjZw\/viewform\" target=\"_blank\" rel=\"https:\/\/docs.google.com\/forms\/d\/e\/1FAIpQLScA0BoBx37JgCv_CoEHpSKWHdRuTZG3UMNgmFgQexAHFP6bzA\/viewform noopener\">Formulario de postulaci\u00f3n<\/a><\/div>\n<\/div>\n<\/div>\n<\/div>\n\n\n\n<div class=\"wp-block-uagb-container uagb-block-e5bd262c\">\n<div class=\"wp-block-buttons is-content-justification-center is-layout-flex wp-container-3\" id=\"https:\/\/colombia.mapbiomas.org\/wp-content\/uploads\/sites\/3\/2025\/04\/Preguntas-frecuentes-1er-Premio-MapBiomas-Colombia-2025.pdf\">\n<div class=\"wp-block-button has-custom-width wp-block-button__width-50 is-style-info\" id=\"https:\/\/colombia.mapbiomas.org\/wp-content\/uploads\/sites\/3\/2025\/04\/Preguntas-frecuentes-1er-Premio-MapBiomas-Colombia-2025.pdf\"><a class=\"wp-block-button__link wp-element-button\" href=\"https:\/\/venezuela.mapbiomas.org\/wp-content\/uploads\/sites\/5\/2026\/03\/Premio-MB-Venezuela-2026_FAQ_v2.pdf\" target=\"_blank\" rel=\"https:\/\/colombia.mapbiomas.org\/wp-content\/uploads\/sites\/3\/2025\/04\/Bases-1era-Edicion-Premio-MapBiomas-Colombia-2025.pdf noopener\">FAQ<\/a><\/div>\n<\/div>\n<\/div>\n<\/div>\n\n\n\n<p>La Segunda Edici\u00f3n del Premio MapBiomas Venezuela es co-organizada por la red MapBiomas Venezuela, bajo la coordinaci\u00f3n de Provita, Wataniba y el Laboratorio de Sistemas de Informaci\u00f3n Geogr\u00e1fica y Modelado Ambiental de la Universidad Sim\u00f3n Bol\u00edvar (LSIGMA-USB). <strong>Su objetivo es reconocer trabajos que, mediante el uso de los datos de MapBiomas Venezuela, generen conocimiento, propongan soluciones o incidan en la formulaci\u00f3n de pol\u00edticas p\u00fablicas o iniciativas educativas y de conservaci\u00f3n ambiental<\/strong>.&nbsp; Te invitamos a consultar las bases y a postular tu trabajo.<\/p>\n\n\n\n<p><strong>La fecha l\u00edmite para hacerlo es el<\/strong> <strong>07 de agosto de 2026<\/strong>.<\/p>\n\n\n\n<p>Puedes postular un trabajo, individual o en coautor\u00eda, que utilice los datos o productos de MapBiomas Venezuela en alguna de estas cuatro categor\u00edas:<\/p>\n\n\n\n<p>\u2192 <strong>Categor\u00eda General:<\/strong> incluye los trabajos realizados por investigadores, estudiantes de pregrado o posgrado, t\u00e9cnicos, docentes o cualquier profesional, que utilicen los datos o productos de MapBiomas Venezuela con \ufb01nes de investigaci\u00f3n o educativos. Los formatos que se pueden postular en esta categor\u00eda son: art\u00edculo t\u00e9cnico o cient\u00edfico, trabajo de grado o tesis, reporte t\u00e9cnico y cap\u00edtulo de libro.<\/p>\n\n\n\n<p>\u2192 <strong>Categor\u00eda Estudiante de Pregrado:<\/strong> incluye los trabajos que utilicen los datos o productos de MapBiomas Venezuela cuyo primer autor a\u00fan no haya finalizado sus estudios de pregrado o se haya graduado durante el a\u00f1o 2025 o 2026. Los formatos que se pueden postular en esta categor\u00eda son: art\u00edculo t\u00e9cnico o cient\u00edfico, trabajo de grado, reporte t\u00e9cnico y cap\u00edtulo de libro.<\/p>\n\n\n\n<p>\u2192 <strong>Categor\u00eda Pol\u00edticas P\u00fablicas, Gesti\u00f3n Ambiental y Comunitaria:<\/strong> incluye trabajos que utilicen datos de MapBiomas Venezuela en la formulaci\u00f3n o evaluaci\u00f3n de pol\u00edticas ambientales, gesti\u00f3n territorial, visibilizaci\u00f3n de problem\u00e1ticas o posicionamiento de conocimientos tradicionales. Esta categor\u00eda valora trabajos que demuestren la aplicaci\u00f3n pr\u00e1ctica de los datos para la formulaci\u00f3n de soluciones concretas para la gesti\u00f3n ambiental y la sostenibilidad. Los formatos que se pueden postular en esta categor\u00eda son: art\u00edculo t\u00e9cnico o cient\u00edfico, reporte t\u00e9cnico y cap\u00edtulo de libro.<\/p>\n\n\n\n<p>\u2192 <strong>Categor\u00eda Comunicaci\u00f3n Ambiental:<\/strong> incluye productos de divulgaci\u00f3n y comunicaci\u00f3n&nbsp; que contribuyan a democratizar el acceso a los datos de MapBiomas Venezuela para audiencias no especializadas. Esta categor\u00eda valora trabajos que estimulen la apropiaci\u00f3n social del conocimiento. Los formatos que se pueden postular en esta categor\u00eda son: storymap, art\u00edculo period\u00edstico, art\u00edculo de divulgaci\u00f3n y p\u00f3ster.<\/p>\n\n\n\n<p><strong>\u00bfQui\u00e9n se puede postular?&nbsp;<\/strong><\/p>\n\n\n\n<p>Pueden participar estudiantes universitarios, investigadores, t\u00e9cnicos, licenciados, posgraduados, docentes, profesionales de empresas privadas o de ONG, funcionarios p\u00fablicos, entre otros.<\/p>\n\n\n\n<p><strong>\u00bfC\u00f3mo?&nbsp;<\/strong><\/p>\n\n\n\n<p>Puedes postular un trabajo individual o colectivo a trav\u00e9s de este <a href=\"https:\/\/docs.google.com\/forms\/d\/e\/1FAIpQLScoFfHaMvpNdO7cRA8l91Egk9oSveCLBV03kqfGzQKI5JyjZw\/viewform\">formulario<\/a>.<\/p>\n\n\n\n<p><strong>A tener en cuenta:<\/strong><\/p>\n\n\n\n<ol>\n<li>Es requisito imprescindible utilizar los datos o productos de la iniciativa MapBiomas Venezuela (cobertura y uso del suelo o agua), y citar correctamente la fuente,&nbsp; seg\u00fan estas especificaciones.<\/li>\n\n\n\n<li>En el&nbsp; formulario&nbsp; debe adjuntar el trabajo completo en formato digital (PDF). En caso de que el trabajo utilice algoritmos y c\u00f3digos de programaci\u00f3n, estos deben ser p\u00fablicos o estar anexados al documento.<\/li>\n\n\n\n<li>Las personas que se postulen al Premio MapBiomas deber\u00e1n autorizar a la red MapBiomas Venezuela, las organizaciones co-organizadoras, Provita, Wataniba, LSIGMA-USB y la red MapBiomas a publicar y divulgar sus trabajos en las correspondientes p\u00e1ginas web y redes p\u00fablicas de difusi\u00f3n en caso de resultar ganadoras. Para ello, deber\u00e1n adjuntar en el formulario de postulaci\u00f3n el&nbsp; <a href=\"https:\/\/venezuela.mapbiomas.org\/wp-content\/uploads\/sites\/5\/2026\/03\/Premio-MB-Venezuela-2026_TdR-Anexo-I.pdf\" target=\"_blank\" rel=\"noreferrer noopener\">Anexo 1<\/a>&nbsp; (en formato PDF) debidamente firmado y suscrito.&nbsp;<\/li>\n<\/ol>\n\n\n\n<p><strong>\u00bfCu\u00e1ndo?&nbsp;<\/strong><\/p>\n\n\n\n<p>Antes del 07 de agosto de 2025, fecha l\u00edmite de entrega de trabajos.<\/p>\n\n\n\n<p><strong>El premio<\/strong><\/p>\n\n\n\n<p>Habr\u00e1 un trabajo, individual o colectivo, premiado en cada una de las cuatro categor\u00edas. El trabajo ganador, de la <strong>Categor\u00eda General<\/strong> recibir\u00e1 USD 400, de la <strong>Categor\u00eda Pol\u00edticas P\u00fablicas, Gesti\u00f3n Ambiental y Comunitaria<\/strong> recibir\u00e1 USD 400, de la <strong>Categor\u00eda Estudiante de Pregrado<\/strong> recibir\u00e1 USD 200, de la <strong>Categor\u00eda Comunicaci\u00f3n Ambiental<\/strong> recibir\u00e1 USD 200; adem\u00e1s, en todos los casos una constancia a nombre de MapBiomas Venezuela y una beca para realizar un curso de geoprocesamiento de im\u00e1genes satelitales utilizando Google Earth Engine, dictado por Solved. Asimismo, recibir\u00e1 apoyo en la elaboraci\u00f3n de material de difusi\u00f3n para el trabajo ganador, que ser\u00e1 publicado en el sitio web de MapBiomas Venezuela y en las redes sociales de las instituciones co-organizadoras, Provita, Wataniba y LSIGMA-USB, as\u00ed como de la red MapBiomas.<\/p>\n\n\n\n<p><strong>\u00bfPor qu\u00e9?<\/strong>&nbsp;<\/p>\n\n\n\n<p>Este premio ha sido otorgado en otras iniciativas por pa\u00eds como<a href=\"https:\/\/peru.mapbiomas.org\/premio-mapbiomas-peru\/\"> Per\u00fa<\/a>, <a href=\"https:\/\/ecuador.mapbiomas.org\/premio-mapbiomas\/\">Ecuador<\/a> and <a href=\"https:\/\/brasil.mapbiomas.org\/premio-mapbiomas\/\">Brasil<\/a>, consolid\u00e1ndose como un incentivo para promover la investigaci\u00f3n y el uso de datos de monitoreo satelital con una amplia escala temporal y aportar a la identificaci\u00f3n de problem\u00e1ticas socioambientales y el planteamiento de soluciones desde la academia, las organizaciones de la sociedad civil y las entidades del Estado.<\/p>\n\n\n\n<p><strong>\u00bfTienes dudas?&nbsp;<\/strong><\/p>\n\n\n\n<p>Consulta las <a href=\"https:\/\/venezuela.mapbiomas.org\/wp-content\/uploads\/sites\/5\/2026\/03\/Premio-MB-Venezuela-2026_Bases_v2-1.pdf\" target=\"_blank\" rel=\"noreferrer noopener\">Bases del premio<\/a> y el documento de <a href=\"https:\/\/venezuela.mapbiomas.org\/wp-content\/uploads\/sites\/5\/2026\/03\/Premio-MB-Venezuela-2026_FAQ_v2.pdf\" target=\"_blank\" rel=\"noreferrer noopener\">FAQ section<\/a>; si a\u00fan no las hemos resuelto, te invitamos a contactarnos en <a href=\"mailto:mapbiomas.venezuela@gmail.com\">mapbiomas.venezuela@gmail.com<\/a>.<\/p>\n\n\n\n<p>Peri\u00f3dicamente ponemos a tu disposici\u00f3n <a href=\"https:\/\/venezuela.mapbiomas.org\/en\/tutoriales\/\">videos tutoriales<\/a> sobre c\u00f3mo acceder a los datos de la plataforma.<\/p>","protected":false},"excerpt":{"rendered":"<p>La Segunda Edici\u00f3n del Premio MapBiomas Venezuela es co-organizada por la red MapBiomas Venezuela, bajo la coordinaci\u00f3n de Provita, Wataniba y el Laboratorio de Sistemas de Informaci\u00f3n Geogr\u00e1fica y Modelado Ambiental de la Universidad Sim\u00f3n Bol\u00edvar (LSIGMA-USB). Su objetivo es reconocer trabajos que, mediante el uso de los datos de MapBiomas Venezuela, generen conocimiento, propongan [&hellip;]<\/p>","protected":false},"author":5,"featured_media":0,"parent":0,"menu_order":0,"comment_status":"closed","ping_status":"closed","template":"","meta":{"_uag_custom_page_level_css":""},"acf":[],"uagb_featured_image_src":{"full":false,"thumbnail":false,"medium":false,"medium_large":false,"large":false,"1536x1536":false,"2048x2048":false,"trp-custom-language-flag":false,"infographic":false,"team":false},"uagb_author_info":{"display_name":"mayramilkovic","author_link":"https:\/\/venezuela.mapbiomas.org\/en\/author\/mayramilkovic\/"},"uagb_comment_info":0,"uagb_excerpt":"La Segunda Edici\u00f3n del Premio MapBiomas Venezuela es co-organizada por la red MapBiomas Venezuela, bajo la coordinaci\u00f3n de Provita, Wataniba y el Laboratorio de Sistemas de Informaci\u00f3n Geogr\u00e1fica y Modelado Ambiental de la Universidad Sim\u00f3n Bol\u00edvar (LSIGMA-USB). Su objetivo es reconocer trabajos que, mediante el uso de los datos de MapBiomas Venezuela, generen conocimiento, propongan&hellip;","_links":{"self":[{"href":"https:\/\/venezuela.mapbiomas.org\/en\/wp-json\/wp\/v2\/pages\/1399"}],"collection":[{"href":"https:\/\/venezuela.mapbiomas.org\/en\/wp-json\/wp\/v2\/pages"}],"about":[{"href":"https:\/\/venezuela.mapbiomas.org\/en\/wp-json\/wp\/v2\/types\/page"}],"author":[{"embeddable":true,"href":"https:\/\/venezuela.mapbiomas.org\/en\/wp-json\/wp\/v2\/users\/5"}],"replies":[{"embeddable":true,"href":"https:\/\/venezuela.mapbiomas.org\/en\/wp-json\/wp\/v2\/comments?post=1399"}],"version-history":[{"count":5,"href":"https:\/\/venezuela.mapbiomas.org\/en\/wp-json\/wp\/v2\/pages\/1399\/revisions"}],"predecessor-version":[{"id":1425,"href":"https:\/\/venezuela.mapbiomas.org\/en\/wp-json\/wp\/v2\/pages\/1399\/revisions\/1425"}],"wp:attachment":[{"href":"https:\/\/venezuela.mapbiomas.org\/en\/wp-json\/wp\/v2\/media?parent=1399"}],"curies":[{"name":"wp","href":"https:\/\/api.w.org\/{rel}","templated":true}]}}