{"id":22,"date":"2023-07-21T19:55:06","date_gmt":"2023-07-21T19:55:06","guid":{"rendered":"https:\/\/staging-venezuela.mapbiomas.org\/?page_id=22"},"modified":"2025-11-05T12:34:59","modified_gmt":"2025-11-05T16:34:59","slug":"estadisticas","status":"publish","type":"page","link":"https:\/\/venezuela.mapbiomas.org\/en\/estadisticas\/","title":{"rendered":"Statistics"},"content":{"rendered":"<p>Here you can download the statistics derived from the MapBiomas Venezuela collections:<\/p>\n\n\n\n<h4 class=\"wp-block-heading\"><strong>Collection 3<\/strong><\/h4>\n\n\n\n<p><strong>LAND COVER AND TRANSITIONS<\/strong> Surface area data (ha) by land cover class or land use for the period 1985 \u2013 2024:<\/p>\n\n\n\n<ul>\n<li><a href=\"https:\/\/venezuela.mapbiomas.org\/wp-content\/uploads\/sites\/5\/2025\/11\/Pais_Estadisticas-Transiciones-Col3.xlsx\" data-type=\"URL\" data-id=\"https:\/\/venezuela.mapbiomas.org\/wp-content\/uploads\/sites\/5\/2025\/11\/Pais_Estadisticas-Transiciones-Col3.xlsx\" target=\"_blank\" rel=\"noreferrer noopener\">COUNTRY<\/a><\/li>\n\n\n\n<li><a href=\"https:\/\/venezuela.mapbiomas.org\/wp-content\/uploads\/sites\/5\/2025\/11\/Estados_Estadisticas-Transiciones-Col3.xlsx\" data-type=\"URL\" data-id=\"https:\/\/venezuela.mapbiomas.org\/wp-content\/uploads\/sites\/5\/2025\/11\/Estados_Estadisticas-Transiciones-Col3.xlsx\" target=\"_blank\" rel=\"noreferrer noopener\">STATES<\/a><\/li>\n\n\n\n<li>MUNICIPALITIES<\/li>\n\n\n\n<li><a href=\"https:\/\/venezuela.mapbiomas.org\/wp-content\/uploads\/sites\/5\/2025\/11\/Biomas_Estadisticas-Transiciones-Col3.xlsx\" data-type=\"URL\" data-id=\"https:\/\/venezuela.mapbiomas.org\/wp-content\/uploads\/sites\/5\/2025\/11\/Biomas_Estadisticas-Transiciones-Col3.xlsx\" target=\"_blank\" rel=\"noreferrer noopener\">BIOMES<\/a><\/li>\n\n\n\n<li><a href=\"https:\/\/venezuela.mapbiomas.org\/wp-content\/uploads\/sites\/5\/2025\/11\/Cuencas_Estadisticas-Transiciones-Col3.xlsx\" data-type=\"URL\" data-id=\"https:\/\/venezuela.mapbiomas.org\/wp-content\/uploads\/sites\/5\/2025\/11\/Cuencas_Estadisticas-Transiciones-Col3.xlsx\" target=\"_blank\" rel=\"noreferrer noopener\">LEVEL 1 WATERSHEDS<\/a><\/li>\n\n\n\n<li><a href=\"https:\/\/venezuela.mapbiomas.org\/wp-content\/uploads\/sites\/5\/2025\/11\/RegionesFisiograficas_Estadisticas-Transiciones-Col3.xlsx\" data-type=\"URL\" data-id=\"https:\/\/venezuela.mapbiomas.org\/wp-content\/uploads\/sites\/5\/2025\/11\/RegionesFisiograficas_Estadisticas-Transiciones-Col3.xlsx\" target=\"_blank\" rel=\"noreferrer noopener\">PHYSIOGRAMPHIC REGIONS<\/a><\/li>\n\n\n\n<li><a href=\"https:\/\/venezuela.mapbiomas.org\/wp-content\/uploads\/sites\/5\/2025\/11\/AreasNaturalesProtegidas_Estadisticas-Transiciones-Col3.xlsx\" data-type=\"URL\" data-id=\"https:\/\/venezuela.mapbiomas.org\/wp-content\/uploads\/sites\/5\/2025\/11\/AreasNaturalesProtegidas_Estadisticas-Transiciones-Col3.xlsx\" target=\"_blank\" rel=\"noreferrer noopener\">PROTECTED NATURAL AREAS<\/a><\/li>\n\n\n\n<li><a href=\"https:\/\/venezuela.mapbiomas.org\/wp-content\/uploads\/sites\/5\/2025\/11\/TerritoriosIndigenas_Estadisticas-Transiciones-Col3.xlsx\" data-type=\"URL\" data-id=\"https:\/\/venezuela.mapbiomas.org\/wp-content\/uploads\/sites\/5\/2025\/11\/TerritoriosIndigenas_Estadisticas-Transiciones-Col3.xlsx\" target=\"_blank\" rel=\"noreferrer noopener\">INDIGENOUS TERRITORIES<\/a><\/li>\n\n\n\n<li><a href=\"https:\/\/venezuela.mapbiomas.org\/wp-content\/uploads\/sites\/5\/2025\/11\/RegionesAdministrativas_Estadisticas-Transiciones-Col3.xlsx\" data-type=\"URL\" data-id=\"https:\/\/venezuela.mapbiomas.org\/wp-content\/uploads\/sites\/5\/2025\/11\/RegionesAdministrativas_Estadisticas-Transiciones-Col3.xlsx\" target=\"_blank\" rel=\"noreferrer noopener\">ADMINISTRATIVE REGIONS<\/a><\/li>\n<\/ul>\n\n\n\n<h4 class=\"wp-block-heading\"><strong>Collection <\/strong>2<\/h4>\n\n\n\n<p><a rel=\"noreferrer noopener\" href=\"https:\/\/venezuela.mapbiomas.org\/wp-content\/uploads\/sites\/5\/2024\/11\/Statistics-MB-Venezuela-Col2.xlsx\" data-type=\"URL\" data-id=\"https:\/\/venezuela.mapbiomas.org\/wp-content\/uploads\/sites\/5\/2024\/11\/Statistics-MB-Venezuela-Col2.xlsx\" target=\"_blank\">LAND COVER AND TRANSITIONS<\/a>: Extent data in hectares (ha) of land cover and land use by state, municipality, type of protected area, indigenous territories, watershed, ecoregion, biome and physiographic region from 1985 to 2023<\/p>","protected":false},"excerpt":{"rendered":"<p>Aqu\u00ed puede descargar las estad\u00edsticas derivadas de las colecciones de MapBiomas Venezuela: Colecci\u00f3n 3 COBERTURA Y TRANSICIONES | Datos de superficie (ha) por clase de cobertura o uso del suelo en el periodo 1985 \u2013 2024: Colecci\u00f3n 2 COBERTURA Y TRANSICIONES: Datos de extensi\u00f3n en hect\u00e1reas (ha) de la cobertura y uso del suelo por [&hellip;]<\/p>","protected":false},"author":2,"featured_media":0,"parent":0,"menu_order":0,"comment_status":"closed","ping_status":"closed","template":"","meta":{"_uag_custom_page_level_css":""},"acf":[],"uagb_featured_image_src":{"full":false,"thumbnail":false,"medium":false,"medium_large":false,"large":false,"1536x1536":false,"2048x2048":false,"trp-custom-language-flag":false,"infographic":false,"team":false},"uagb_author_info":{"display_name":"Adriel Fernandes","author_link":"https:\/\/venezuela.mapbiomas.org\/en\/author\/adriel-fernandes\/"},"uagb_comment_info":0,"uagb_excerpt":"Aqu\u00ed puede descargar las estad\u00edsticas derivadas de las colecciones de MapBiomas Venezuela: Colecci\u00f3n 3 COBERTURA Y TRANSICIONES | Datos de superficie (ha) por clase de cobertura o uso del suelo en el periodo 1985 \u2013 2024: Colecci\u00f3n 2 COBERTURA Y TRANSICIONES: Datos de extensi\u00f3n en hect\u00e1reas (ha) de la cobertura y uso del suelo por&hellip;","_links":{"self":[{"href":"https:\/\/venezuela.mapbiomas.org\/en\/wp-json\/wp\/v2\/pages\/22"}],"collection":[{"href":"https:\/\/venezuela.mapbiomas.org\/en\/wp-json\/wp\/v2\/pages"}],"about":[{"href":"https:\/\/venezuela.mapbiomas.org\/en\/wp-json\/wp\/v2\/types\/page"}],"author":[{"embeddable":true,"href":"https:\/\/venezuela.mapbiomas.org\/en\/wp-json\/wp\/v2\/users\/2"}],"replies":[{"embeddable":true,"href":"https:\/\/venezuela.mapbiomas.org\/en\/wp-json\/wp\/v2\/comments?post=22"}],"version-history":[{"count":13,"href":"https:\/\/venezuela.mapbiomas.org\/en\/wp-json\/wp\/v2\/pages\/22\/revisions"}],"predecessor-version":[{"id":1172,"href":"https:\/\/venezuela.mapbiomas.org\/en\/wp-json\/wp\/v2\/pages\/22\/revisions\/1172"}],"wp:attachment":[{"href":"https:\/\/venezuela.mapbiomas.org\/en\/wp-json\/wp\/v2\/media?parent=22"}],"curies":[{"name":"wp","href":"https:\/\/api.w.org\/{rel}","templated":true}]}}