{"id":24,"date":"2023-07-21T19:55:15","date_gmt":"2023-07-21T19:55:15","guid":{"rendered":"https:\/\/staging-venezuela.mapbiomas.org\/?page_id=24"},"modified":"2024-11-06T14:18:12","modified_gmt":"2024-11-06T18:18:12","slug":"terminos-de-uso","status":"publish","type":"page","link":"https:\/\/venezuela.mapbiomas.org\/en\/terminos-de-uso\/","title":{"rendered":"Terms of use"},"content":{"rendered":"<div class=\"wp-block-media-text alignwide has-media-on-the-right is-stacked-on-mobile\" style=\"grid-template-columns:auto 23%\"><div class=\"wp-block-media-text__content\">\n<p><\/p>\n\n\n\n<p style=\"font-size:14px\">MapBiomas data is public, open and free under Creative Commons <a rel=\"noreferrer noopener\" href=\"https:\/\/creativecommons.org\/licenses\/by\/4.0\/\" target=\"_blank\">CC-BY<\/a> license and referencing the source observing the format below:<\/p>\n\n\n\n<p><\/p>\n<\/div><figure class=\"wp-block-media-text__media\"><img decoding=\"async\" loading=\"lazy\" width=\"961\" height=\"337\" src=\"https:\/\/venezuela.mapbiomas.org\/wp-content\/uploads\/sites\/5\/2024\/10\/CC-BY.png\" alt=\"\" class=\"wp-image-765 size-full\" srcset=\"https:\/\/venezuela.mapbiomas.org\/wp-content\/uploads\/sites\/5\/2024\/10\/CC-BY.png 961w, https:\/\/venezuela.mapbiomas.org\/wp-content\/uploads\/sites\/5\/2024\/10\/CC-BY-300x105.png 300w, https:\/\/venezuela.mapbiomas.org\/wp-content\/uploads\/sites\/5\/2024\/10\/CC-BY-768x269.png 768w, https:\/\/venezuela.mapbiomas.org\/wp-content\/uploads\/sites\/5\/2024\/10\/CC-BY-18x6.png 18w\" sizes=\"(max-width: 961px) 100vw, 961px\" \/><\/figure><\/div>\n\n\n\n<figure class=\"wp-block-image\"><img alt=\"\" \/><\/figure>\n\n\n\n<p>\u00abMapBiomas \u2013 Collection <strong>[version]<\/strong> of the <strong>[annual\/monthly]<\/strong> Series of Maps of <strong>[Land Cover and Use\/Water Surface]<\/strong> of Venezuela, consulted on <strong>[date]<\/strong> through the link: <strong>[LINK]<\/strong>\u00bb<\/p>\n\n\n\n<p style=\"font-size:14px\">In addition, <a href=\"https:\/\/brasil.mapbiomas.org\/artigos-mapbiomas\/\"><u>there are scientific articles from MapBiomas<\/u><\/a> that can be used to cite them.<\/p>","protected":false},"excerpt":{"rendered":"<p>Los datos de MapBiomas son p\u00fablicos, abiertos y gratuitos bajo licencia Creative Commons CC-BY y referenciando la fuente observando el formato abajo: \u00abMapBiomas \u2013 Colecci\u00f3n [versi\u00f3n] de la Serie [anual\/mensual] de Mapas de [Cobertura y Uso del Suelo\/Superficie del agua] de Venezuela, consultada el [fecha] a trav\u00e9s del enlace: [ENLACE]\u00bb Adem\u00e1s, hay art\u00edculos cient\u00edficos de [&hellip;]<\/p>","protected":false},"author":2,"featured_media":0,"parent":0,"menu_order":0,"comment_status":"closed","ping_status":"closed","template":"","meta":{"_uag_custom_page_level_css":""},"acf":[],"uagb_featured_image_src":{"full":false,"thumbnail":false,"medium":false,"medium_large":false,"large":false,"1536x1536":false,"2048x2048":false,"trp-custom-language-flag":false,"infographic":false,"team":false},"uagb_author_info":{"display_name":"Adriel Fernandes","author_link":"https:\/\/venezuela.mapbiomas.org\/en\/author\/adriel-fernandes\/"},"uagb_comment_info":0,"uagb_excerpt":"Los datos de MapBiomas son p\u00fablicos, abiertos y gratuitos bajo licencia Creative Commons CC-BY y referenciando la fuente observando el formato abajo: \u00abMapBiomas \u2013 Colecci\u00f3n [versi\u00f3n] de la Serie [anual\/mensual] de Mapas de [Cobertura y Uso del Suelo\/Superficie del agua] de Venezuela, consultada el [fecha] a trav\u00e9s del enlace: [ENLACE]\u00bb Adem\u00e1s, hay art\u00edculos cient\u00edficos de&hellip;","_links":{"self":[{"href":"https:\/\/venezuela.mapbiomas.org\/en\/wp-json\/wp\/v2\/pages\/24"}],"collection":[{"href":"https:\/\/venezuela.mapbiomas.org\/en\/wp-json\/wp\/v2\/pages"}],"about":[{"href":"https:\/\/venezuela.mapbiomas.org\/en\/wp-json\/wp\/v2\/types\/page"}],"author":[{"embeddable":true,"href":"https:\/\/venezuela.mapbiomas.org\/en\/wp-json\/wp\/v2\/users\/2"}],"replies":[{"embeddable":true,"href":"https:\/\/venezuela.mapbiomas.org\/en\/wp-json\/wp\/v2\/comments?post=24"}],"version-history":[{"count":12,"href":"https:\/\/venezuela.mapbiomas.org\/en\/wp-json\/wp\/v2\/pages\/24\/revisions"}],"predecessor-version":[{"id":884,"href":"https:\/\/venezuela.mapbiomas.org\/en\/wp-json\/wp\/v2\/pages\/24\/revisions\/884"}],"wp:attachment":[{"href":"https:\/\/venezuela.mapbiomas.org\/en\/wp-json\/wp\/v2\/media?parent=24"}],"curies":[{"name":"wp","href":"https:\/\/api.w.org\/{rel}","templated":true}]}}