{"id":260,"date":"2023-10-04T14:05:37","date_gmt":"2023-10-04T14:05:37","guid":{"rendered":"https:\/\/staging-venezuela.mapbiomas.org\/?page_id=260"},"modified":"2023-11-10T14:10:08","modified_gmt":"2023-11-10T14:10:08","slug":"exactitud","status":"publish","type":"page","link":"https:\/\/venezuela.mapbiomas.org\/en\/exactitud\/","title":{"rendered":"Accuracy"},"content":{"rendered":"<h4 class=\"wp-block-heading\">ESTIMATES OF THE ACCURACY OF GROUND COVER MAPPING BY THE VENEZUELA MAPBIOMAS PROJECT<\/h4>\n\n\n\n<p><em>ACCESS TO THE COLLECTION STATISTICS PANEL 1.0 <\/em><strong>[LINK]<\/strong><\/p>\n\n\n\n<p>Accuracy analysis is the primary way to assess the quality of the mapping performed by MapBiomas. In addition to telling what the overall hit rate is, the accuracy analysis also reveals estimates of the hit and miss rates for each assigned class. MapBiomas Venezuela evaluated the global precision and for each class of use and cover for all the years between 1985 and 2022.<\/p>\n\n\n\n<p>Precision estimates were based on evaluating a sample of pixels, which we call the reference database, consisting of ~71,500 samples. The number of pixels in the reference database was predetermined by statistical sampling techniques. In each year, each pixel in the reference database was evaluated by technicians trained in visual interpretation of Landsat images. The accuracy evaluation was performed using metrics that compare the assigned class with the class evaluated by the technicians in the reference database.<\/p>\n\n\n\n<p>In each year, the precision analysis is performed from the cross-tabulation of the sampled frequencies of the mapped and actual classes, in the format of Table 1. The frequencies <em>ni,j<\/em> represent the number of pixels in the sample classified as class i, and evaluated as class j. Marginal line totals <img decoding=\"async\" loading=\"lazy\" width=\"35\" height=\"24\" class=\"wp-image-280\" style=\"width: 35px;\" src=\"https:\/\/staging-venezuela.mapbiomas.org\/wp-content\/uploads\/sites\/5\/2023\/10\/Formula_1.png\" alt=\"\" srcset=\"https:\/\/venezuela.mapbiomas.org\/wp-content\/uploads\/sites\/5\/2023\/10\/Formula_1.png 35w, https:\/\/venezuela.mapbiomas.org\/wp-content\/uploads\/sites\/5\/2023\/10\/Formula_1-18x12.png 18w\" sizes=\"(max-width: 35px) 100vw, 35px\" \/> represent the number of samples mapped as class i, while the marginal totals of columns <img decoding=\"async\" loading=\"lazy\" width=\"36\" height=\"23\" class=\"wp-image-279\" style=\"width: 36px;\" src=\"https:\/\/staging-venezuela.mapbiomas.org\/wp-content\/uploads\/sites\/5\/2023\/10\/Formula_2.png\" alt=\"\" srcset=\"https:\/\/venezuela.mapbiomas.org\/wp-content\/uploads\/sites\/5\/2023\/10\/Formula_2.png 36w, https:\/\/venezuela.mapbiomas.org\/wp-content\/uploads\/sites\/5\/2023\/10\/Formula_2-18x12.png 18w\" sizes=\"(max-width: 36px) 100vw, 36px\" \/>&nbsp; represent the number of samples evaluated by the technicians as class j. Table 1 is called the error matrix or confusion matrix.<\/p>\n\n\n\n<p>Table 1: Generic sample error matrix<\/p>\n\n\n\n<figure class=\"wp-block-image size-large\"><img decoding=\"async\" loading=\"lazy\" width=\"1024\" height=\"195\" src=\"https:\/\/staging-venezuela.mapbiomas.org\/wp-content\/uploads\/sites\/5\/2023\/10\/Tabela_1_MapBiomas_ES-1024x195.png\" alt=\"\" class=\"wp-image-278\" srcset=\"https:\/\/venezuela.mapbiomas.org\/wp-content\/uploads\/sites\/5\/2023\/10\/Tabela_1_MapBiomas_ES-1024x195.png 1024w, https:\/\/venezuela.mapbiomas.org\/wp-content\/uploads\/sites\/5\/2023\/10\/Tabela_1_MapBiomas_ES-300x57.png 300w, https:\/\/venezuela.mapbiomas.org\/wp-content\/uploads\/sites\/5\/2023\/10\/Tabela_1_MapBiomas_ES-768x146.png 768w, https:\/\/venezuela.mapbiomas.org\/wp-content\/uploads\/sites\/5\/2023\/10\/Tabela_1_MapBiomas_ES-18x3.png 18w, https:\/\/venezuela.mapbiomas.org\/wp-content\/uploads\/sites\/5\/2023\/10\/Tabela_1_MapBiomas_ES.png 1537w\" sizes=\"(max-width: 1024px) 100vw, 1024px\" \/><\/figure>\n\n\n\n<p>From the results in Table 1, the sample proportions in each table cell are estimated by <img decoding=\"async\" loading=\"lazy\" width=\"104\" height=\"39\" class=\"wp-image-277\" style=\"width: 104px;\" src=\"https:\/\/staging-venezuela.mapbiomas.org\/wp-content\/uploads\/sites\/5\/2023\/10\/Formula_3.png\" alt=\"\" srcset=\"https:\/\/venezuela.mapbiomas.org\/wp-content\/uploads\/sites\/5\/2023\/10\/Formula_3.png 104w, https:\/\/venezuela.mapbiomas.org\/wp-content\/uploads\/sites\/5\/2023\/10\/Formula_3-18x7.png 18w\" sizes=\"(max-width: 104px) 100vw, 104px\" \/> <img decoding=\"async\" loading=\"lazy\" width=\"34\" height=\"19\" class=\"wp-image-276\" style=\"width: 34px;\" src=\"https:\/\/staging-venezuela.mapbiomas.org\/wp-content\/uploads\/sites\/5\/2023\/10\/Formula_4.png\" alt=\"\" srcset=\"https:\/\/venezuela.mapbiomas.org\/wp-content\/uploads\/sites\/5\/2023\/10\/Formula_4.png 34w, https:\/\/venezuela.mapbiomas.org\/wp-content\/uploads\/sites\/5\/2023\/10\/Formula_4-18x10.png 18w\" sizes=\"(max-width: 34px) 100vw, 34px\" \/>. The Value Matrix <img decoding=\"async\" loading=\"lazy\" width=\"24\" height=\"20\" class=\"wp-image-275\" style=\"width: 24px;\" src=\"https:\/\/staging-venezuela.mapbiomas.org\/wp-content\/uploads\/sites\/5\/2023\/10\/Formula_5.png\" alt=\"\" srcset=\"https:\/\/venezuela.mapbiomas.org\/wp-content\/uploads\/sites\/5\/2023\/10\/Formula_5.png 24w, https:\/\/venezuela.mapbiomas.org\/wp-content\/uploads\/sites\/5\/2023\/10\/Formula_5-14x12.png 14w\" sizes=\"(max-width: 24px) 100vw, 24px\" \/> then used to generate:<\/p>\n\n\n\n<ol>\n<li>The <strong>user precision:<\/strong> are the estimates of the pixel fractions of the mapping, for each class, correctly classified. User accuracy is associated with a <strong>commission error<\/strong>, which is the error made when assigning a pixel to class i, when it belongs to another class. The user precision for class i is estimated by <img decoding=\"async\" loading=\"lazy\" width=\"75\" height=\"21\" class=\"wp-image-274\" style=\"width: 75px;\" src=\"https:\/\/staging-venezuela.mapbiomas.org\/wp-content\/uploads\/sites\/5\/2023\/10\/Formula_6.png\" alt=\"\" srcset=\"https:\/\/venezuela.mapbiomas.org\/wp-content\/uploads\/sites\/5\/2023\/10\/Formula_6.png 75w, https:\/\/venezuela.mapbiomas.org\/wp-content\/uploads\/sites\/5\/2023\/10\/Formula_6-18x5.png 18w\" sizes=\"(max-width: 75px) 100vw, 75px\" \/> and the commission error for <img decoding=\"async\" loading=\"lazy\" width=\"43\" height=\"21\" class=\"wp-image-273\" style=\"width: 43px;\" src=\"https:\/\/staging-venezuela.mapbiomas.org\/wp-content\/uploads\/sites\/5\/2023\/10\/Formula_7.png\" alt=\"\" srcset=\"https:\/\/venezuela.mapbiomas.org\/wp-content\/uploads\/sites\/5\/2023\/10\/Formula_7.png 43w, https:\/\/venezuela.mapbiomas.org\/wp-content\/uploads\/sites\/5\/2023\/10\/Formula_7-18x9.png 18w\" sizes=\"(max-width: 43px) 100vw, 43px\" \/>These metrics are associated with the <strong>reliability <\/strong>from each assigned class.&nbsp;<\/li>\n\n\n\n<li><strong>Producer Accuracy:<\/strong> these are the sample fractions of pixels from each class correctly assigned to their classes by the classifiers. Producer precision is associated with the <strong>omission error<\/strong>, which occurs when we cannot assign a pixel of class j correctly. The producer precision for class j is estimated by <img decoding=\"async\" loading=\"lazy\" width=\"73\" height=\"23\" class=\"wp-image-272\" style=\"width: 73px;\" src=\"https:\/\/staging-venezuela.mapbiomas.org\/wp-content\/uploads\/sites\/5\/2023\/10\/Formula_8.png\" alt=\"\" srcset=\"https:\/\/venezuela.mapbiomas.org\/wp-content\/uploads\/sites\/5\/2023\/10\/Formula_8.png 73w, https:\/\/venezuela.mapbiomas.org\/wp-content\/uploads\/sites\/5\/2023\/10\/Formula_8-18x6.png 18w\" sizes=\"(max-width: 73px) 100vw, 73px\" \/> and the <strong>omission error<\/strong> by <img decoding=\"async\" loading=\"lazy\" width=\"45\" height=\"22\" class=\"wp-image-271\" style=\"width: 45px;\" src=\"https:\/\/staging-venezuela.mapbiomas.org\/wp-content\/uploads\/sites\/5\/2023\/10\/Formula_9.png\" alt=\"\" srcset=\"https:\/\/venezuela.mapbiomas.org\/wp-content\/uploads\/sites\/5\/2023\/10\/Formula_9.png 45w, https:\/\/venezuela.mapbiomas.org\/wp-content\/uploads\/sites\/5\/2023\/10\/Formula_9-18x9.png 18w\" sizes=\"(max-width: 45px) 100vw, 45px\" \/>These metrics are associated with the <strong>sensitivity <\/strong>of the classifier, that is, the ability to correctly distinguish a particular class from others.<\/li>\n\n\n\n<li><strong>overall precision:<\/strong> It is the estimate of the overall correctness ratio of the classifiers. The estimate is given by <img decoding=\"async\" loading=\"lazy\" width=\"69\" height=\"39\" class=\"wp-image-270\" style=\"width: 69px;\" src=\"https:\/\/staging-venezuela.mapbiomas.org\/wp-content\/uploads\/sites\/5\/2023\/10\/Formula_10.png\" alt=\"\" srcset=\"https:\/\/venezuela.mapbiomas.org\/wp-content\/uploads\/sites\/5\/2023\/10\/Formula_10.png 69w, https:\/\/venezuela.mapbiomas.org\/wp-content\/uploads\/sites\/5\/2023\/10\/Formula_10-18x10.png 18w\" sizes=\"(max-width: 69px) 100vw, 69px\" \/>, the sum of the main diagonal of the proportions matrix. The precision complement or the <strong>error total<\/strong> <img decoding=\"async\" loading=\"lazy\" width=\"52\" height=\"27\" class=\"wp-image-269\" style=\"width: 52px;\" src=\"https:\/\/staging-venezuela.mapbiomas.org\/wp-content\/uploads\/sites\/5\/2023\/10\/Formula_11.png\" alt=\"\" srcset=\"https:\/\/venezuela.mapbiomas.org\/wp-content\/uploads\/sites\/5\/2023\/10\/Formula_11.png 52w, https:\/\/venezuela.mapbiomas.org\/wp-content\/uploads\/sites\/5\/2023\/10\/Formula_11-18x9.png 18w\" sizes=\"(max-width: 52px) 100vw, 52px\" \/> it still breaks down into area disagreement and assignment disagreement<a href=\"http:\/\/mapbiomas.org\/pages\/accuracy-analysis#e1\"><strong>1<\/strong><\/a>. Area discrepancy measures the fraction of the error attributed to the amount of area misallocated to classes by the mapping, while assignment discrepancy measures the proportion of offset errors.<\/li>\n<\/ol>\n\n\n\n<p>The matrix also provides estimates of the different types of errors. For example, it is possible to see through these the estimation of the composition of the area of \u200b\u200beach assigned class. Therefore, in addition to the success rate of the class assigned as forest, for example, we also estimate what fraction of these areas may be pasture or other land cover and use classes, per year. We understand that this level of transparency informs users and maximizes the potential of mapping various types of users.<\/p>\n\n\n\n<p>1- <a href=\"https:\/\/www.tandfonline.com\/doi\/abs\/10.1080\/01431161.2011.552923\"><strong>Pontius Jr, R. G., &amp; Millones, M. (2011). Death to Kappa: birth of quantity disagreement and allocation disagreement for accuracy assessment. International Journal of Remote Sensing, 32(15), 4407-4429.<\/strong><\/a><\/p>\n\n\n\n<hr class=\"wp-block-separator has-alpha-channel-opacity\"\/>\n\n\n\n<h4 class=\"wp-block-heading\">ABOUT THE GRAPHICS<\/h4>\n\n\n\n<h4 class=\"wp-block-heading\">GENERAL STATISTICS<\/h4>\n\n\n\n<p>Show the mean yearly total precision and the decomposed error for area and assignment disagreement.<img decoding=\"async\" loading=\"lazy\" width=\"1456\" height=\"483\" class=\"wp-image-268\" style=\"\" src=\"https:\/\/staging-venezuela.mapbiomas.org\/wp-content\/uploads\/sites\/5\/2023\/10\/Acuracia_img_1_ES.png\" alt=\"\" srcset=\"https:\/\/venezuela.mapbiomas.org\/wp-content\/uploads\/sites\/5\/2023\/10\/Acuracia_img_1_ES.png 1456w, https:\/\/venezuela.mapbiomas.org\/wp-content\/uploads\/sites\/5\/2023\/10\/Acuracia_img_1_ES-300x100.png 300w, https:\/\/venezuela.mapbiomas.org\/wp-content\/uploads\/sites\/5\/2023\/10\/Acuracia_img_1_ES-1024x340.png 1024w, https:\/\/venezuela.mapbiomas.org\/wp-content\/uploads\/sites\/5\/2023\/10\/Acuracia_img_1_ES-768x255.png 768w, https:\/\/venezuela.mapbiomas.org\/wp-content\/uploads\/sites\/5\/2023\/10\/Acuracia_img_1_ES-18x6.png 18w\" sizes=\"(max-width: 1456px) 100vw, 1456px\" \/><\/p>\n\n\n\n<h4 class=\"wp-block-heading\"><strong>Graph 1. Total annual precision graph<\/strong><\/h4>\n\n\n\n<p>This graph shows the total precision and the total error by year. Total error is broken down into area disagreement and assignment disagreement. Precision is plotted at the top and errors at the bottom of the graph.<\/p>\n\n\n\n<figure class=\"wp-block-image size-large\"><img decoding=\"async\" loading=\"lazy\" width=\"1024\" height=\"354\" src=\"https:\/\/staging-venezuela.mapbiomas.org\/wp-content\/uploads\/sites\/5\/2023\/10\/Acuracia_img2_ES-1024x354.png\" alt=\"\" class=\"wp-image-267\" srcset=\"https:\/\/venezuela.mapbiomas.org\/wp-content\/uploads\/sites\/5\/2023\/10\/Acuracia_img2_ES-1024x354.png 1024w, https:\/\/venezuela.mapbiomas.org\/wp-content\/uploads\/sites\/5\/2023\/10\/Acuracia_img2_ES-300x104.png 300w, https:\/\/venezuela.mapbiomas.org\/wp-content\/uploads\/sites\/5\/2023\/10\/Acuracia_img2_ES-768x266.png 768w, https:\/\/venezuela.mapbiomas.org\/wp-content\/uploads\/sites\/5\/2023\/10\/Acuracia_img2_ES-1536x532.png 1536w, https:\/\/venezuela.mapbiomas.org\/wp-content\/uploads\/sites\/5\/2023\/10\/Acuracia_img2_ES-18x6.png 18w, https:\/\/venezuela.mapbiomas.org\/wp-content\/uploads\/sites\/5\/2023\/10\/Acuracia_img2_ES.png 1557w\" sizes=\"(max-width: 1024px) 100vw, 1024px\" \/><\/figure>\n\n\n\n<h4 class=\"wp-block-heading\"><strong>Graph 2. Error matrix<\/strong><\/h4>\n\n\n\n<p>This chart shows the accuracy of user, producer, and class confusion, for each year. The first shows the confusions of each assigned class. The second shows the confusions of each real class.<\/p>\n\n\n\n<figure class=\"wp-block-image size-large\"><img decoding=\"async\" loading=\"lazy\" width=\"1024\" height=\"576\" src=\"https:\/\/staging-venezuela.mapbiomas.org\/wp-content\/uploads\/sites\/5\/2023\/10\/Acuracia_img_3_ES-1024x576.png\" alt=\"\" class=\"wp-image-266\" srcset=\"https:\/\/venezuela.mapbiomas.org\/wp-content\/uploads\/sites\/5\/2023\/10\/Acuracia_img_3_ES-1024x576.png 1024w, https:\/\/venezuela.mapbiomas.org\/wp-content\/uploads\/sites\/5\/2023\/10\/Acuracia_img_3_ES-300x169.png 300w, https:\/\/venezuela.mapbiomas.org\/wp-content\/uploads\/sites\/5\/2023\/10\/Acuracia_img_3_ES-768x432.png 768w, https:\/\/venezuela.mapbiomas.org\/wp-content\/uploads\/sites\/5\/2023\/10\/Acuracia_img_3_ES-18x10.png 18w, https:\/\/venezuela.mapbiomas.org\/wp-content\/uploads\/sites\/5\/2023\/10\/Acuracia_img_3_ES-970x545.png 970w, https:\/\/venezuela.mapbiomas.org\/wp-content\/uploads\/sites\/5\/2023\/10\/Acuracia_img_3_ES.png 1139w\" sizes=\"(max-width: 1024px) 100vw, 1024px\" \/><\/figure>\n\n\n\n<figure class=\"wp-block-image size-full\"><img decoding=\"async\" loading=\"lazy\" width=\"986\" height=\"661\" src=\"https:\/\/staging-venezuela.mapbiomas.org\/wp-content\/uploads\/sites\/5\/2023\/10\/Acuracia_img_4_ES.png\" alt=\"\" class=\"wp-image-265\" srcset=\"https:\/\/venezuela.mapbiomas.org\/wp-content\/uploads\/sites\/5\/2023\/10\/Acuracia_img_4_ES.png 986w, https:\/\/venezuela.mapbiomas.org\/wp-content\/uploads\/sites\/5\/2023\/10\/Acuracia_img_4_ES-300x201.png 300w, https:\/\/venezuela.mapbiomas.org\/wp-content\/uploads\/sites\/5\/2023\/10\/Acuracia_img_4_ES-768x515.png 768w, https:\/\/venezuela.mapbiomas.org\/wp-content\/uploads\/sites\/5\/2023\/10\/Acuracia_img_4_ES-18x12.png 18w\" sizes=\"(max-width: 986px) 100vw, 986px\" \/><\/figure>\n\n\n\n<h4 class=\"wp-block-heading\"><strong>Graph 3. History of the class<\/strong><\/h4>\n\n\n\n<p>This chart allows you to inspect the confusions of a particular class over time. The user and producer precision for each class is shown, along with the confounds in each year.<img decoding=\"async\" loading=\"lazy\" width=\"1202\" height=\"675\" class=\"wp-image-264\" style=\"\" src=\"https:\/\/staging-venezuela.mapbiomas.org\/wp-content\/uploads\/sites\/5\/2023\/10\/Acuracia_img_5_ES.png\" alt=\"\" srcset=\"https:\/\/venezuela.mapbiomas.org\/wp-content\/uploads\/sites\/5\/2023\/10\/Acuracia_img_5_ES.png 1202w, https:\/\/venezuela.mapbiomas.org\/wp-content\/uploads\/sites\/5\/2023\/10\/Acuracia_img_5_ES-300x168.png 300w, https:\/\/venezuela.mapbiomas.org\/wp-content\/uploads\/sites\/5\/2023\/10\/Acuracia_img_5_ES-1024x575.png 1024w, https:\/\/venezuela.mapbiomas.org\/wp-content\/uploads\/sites\/5\/2023\/10\/Acuracia_img_5_ES-768x431.png 768w, https:\/\/venezuela.mapbiomas.org\/wp-content\/uploads\/sites\/5\/2023\/10\/Acuracia_img_5_ES-18x10.png 18w, https:\/\/venezuela.mapbiomas.org\/wp-content\/uploads\/sites\/5\/2023\/10\/Acuracia_img_5_ES-970x545.png 970w\" sizes=\"(max-width: 1202px) 100vw, 1202px\" \/><br><img decoding=\"async\" loading=\"lazy\" width=\"1212\" height=\"671\" class=\"wp-image-281\" style=\"\" src=\"https:\/\/staging-venezuela.mapbiomas.org\/wp-content\/uploads\/sites\/5\/2023\/10\/Acuracia_img_6_ES.png\" alt=\"\" srcset=\"https:\/\/venezuela.mapbiomas.org\/wp-content\/uploads\/sites\/5\/2023\/10\/Acuracia_img_6_ES.png 1212w, https:\/\/venezuela.mapbiomas.org\/wp-content\/uploads\/sites\/5\/2023\/10\/Acuracia_img_6_ES-300x166.png 300w, https:\/\/venezuela.mapbiomas.org\/wp-content\/uploads\/sites\/5\/2023\/10\/Acuracia_img_6_ES-1024x567.png 1024w, https:\/\/venezuela.mapbiomas.org\/wp-content\/uploads\/sites\/5\/2023\/10\/Acuracia_img_6_ES-768x425.png 768w, https:\/\/venezuela.mapbiomas.org\/wp-content\/uploads\/sites\/5\/2023\/10\/Acuracia_img_6_ES-18x10.png 18w\" sizes=\"(max-width: 1212px) 100vw, 1212px\" \/><\/p>\n\n\n\n<p><em>ACCESS TO THE COLLECTION STATISTICS PANEL 1.0 <\/em><strong>[LINK]<\/strong><\/p>","protected":false},"excerpt":{"rendered":"<p>ESTIMACIONES DE LA PRECISI\u00d3N DEL MAPEO DE LA COBERTURA DEL SUELO POR EL PROYECTO MAPBIOMAS VENEZUELA ACCESO AL PANEL DE ESTAD\u00cdSTICAS DE LA COLECCI\u00d3N 1.0 [ENLACE] El an\u00e1lisis de precisi\u00f3n es la principal forma de evaluar la calidad del mapeo realizado por MapBiomas. Adem\u00e1s de decir cu\u00e1l es la tasa de aciertos general, el an\u00e1lisis [&hellip;]<\/p>","protected":false},"author":2,"featured_media":0,"parent":0,"menu_order":0,"comment_status":"closed","ping_status":"closed","template":"","meta":{"_uag_custom_page_level_css":""},"acf":[],"uagb_featured_image_src":{"full":false,"thumbnail":false,"medium":false,"medium_large":false,"large":false,"1536x1536":false,"2048x2048":false,"trp-custom-language-flag":false,"infographic":false,"team":false},"uagb_author_info":{"display_name":"Adriel Fernandes","author_link":"https:\/\/venezuela.mapbiomas.org\/en\/author\/adriel-fernandes\/"},"uagb_comment_info":0,"uagb_excerpt":"ESTIMACIONES DE LA PRECISI\u00d3N DEL MAPEO DE LA COBERTURA DEL SUELO POR EL PROYECTO MAPBIOMAS VENEZUELA ACCESO AL PANEL DE ESTAD\u00cdSTICAS DE LA COLECCI\u00d3N 1.0 [ENLACE] El an\u00e1lisis de precisi\u00f3n es la principal forma de evaluar la calidad del mapeo realizado por MapBiomas. Adem\u00e1s de decir cu\u00e1l es la tasa de aciertos general, el an\u00e1lisis&hellip;","_links":{"self":[{"href":"https:\/\/venezuela.mapbiomas.org\/en\/wp-json\/wp\/v2\/pages\/260"}],"collection":[{"href":"https:\/\/venezuela.mapbiomas.org\/en\/wp-json\/wp\/v2\/pages"}],"about":[{"href":"https:\/\/venezuela.mapbiomas.org\/en\/wp-json\/wp\/v2\/types\/page"}],"author":[{"embeddable":true,"href":"https:\/\/venezuela.mapbiomas.org\/en\/wp-json\/wp\/v2\/users\/2"}],"replies":[{"embeddable":true,"href":"https:\/\/venezuela.mapbiomas.org\/en\/wp-json\/wp\/v2\/comments?post=260"}],"version-history":[{"count":10,"href":"https:\/\/venezuela.mapbiomas.org\/en\/wp-json\/wp\/v2\/pages\/260\/revisions"}],"predecessor-version":[{"id":491,"href":"https:\/\/venezuela.mapbiomas.org\/en\/wp-json\/wp\/v2\/pages\/260\/revisions\/491"}],"wp:attachment":[{"href":"https:\/\/venezuela.mapbiomas.org\/en\/wp-json\/wp\/v2\/media?parent=260"}],"curies":[{"name":"wp","href":"https:\/\/api.w.org\/{rel}","templated":true}]}}