{"id":293,"date":"2023-10-04T14:20:00","date_gmt":"2023-10-04T14:20:00","guid":{"rendered":"https:\/\/staging-venezuela.mapbiomas.org\/?page_id=293"},"modified":"2024-11-04T15:40:39","modified_gmt":"2024-11-04T19:40:39","slug":"mapas-de-referencia","status":"publish","type":"page","link":"https:\/\/venezuela.mapbiomas.org\/en\/mapas-de-referencia\/","title":{"rendered":"Reference Maps"},"content":{"rendered":"<p>Here are the maps used as reference by MapBiomas Venezuela Collection 2 to train classification algorithms or to evaluate the quality of the automatic classification of the project. These references come from various organizations and have a varied temporal and geographical scope.<\/p>","protected":false},"excerpt":{"rendered":"<p>Here are the maps used as reference by MapBiomas Venezuela Collection 2 to train classification algorithms or to evaluate the quality of the automatic classification of the project. These references come from various organizations and have a varied temporal and geographical scope.<\/p>","protected":false},"author":2,"featured_media":0,"parent":0,"menu_order":0,"comment_status":"closed","ping_status":"closed","template":"page_maps_and_references.php","meta":{"_uag_custom_page_level_css":""},"acf":[],"uagb_featured_image_src":{"full":false,"thumbnail":false,"medium":false,"medium_large":false,"large":false,"1536x1536":false,"2048x2048":false,"trp-custom-language-flag":false,"infographic":false,"team":false},"uagb_author_info":{"display_name":"Adriel Fernandes","author_link":"https:\/\/venezuela.mapbiomas.org\/en\/author\/adriel-fernandes\/"},"uagb_comment_info":0,"uagb_excerpt":"Aqu\u00ed est\u00e1n los mapas utilizados como referencia por MapBiomas Venezuela Colecci\u00f3n 2 para entrenar algoritmos de clasificaci\u00f3n o para evaluar la calidad de la clasificaci\u00f3n autom\u00e1tica del proyecto. Estas referencias proceden de diversas organizaciones y tienen un alcance temporal y geogr\u00e1fico variado.","_links":{"self":[{"href":"https:\/\/venezuela.mapbiomas.org\/en\/wp-json\/wp\/v2\/pages\/293"}],"collection":[{"href":"https:\/\/venezuela.mapbiomas.org\/en\/wp-json\/wp\/v2\/pages"}],"about":[{"href":"https:\/\/venezuela.mapbiomas.org\/en\/wp-json\/wp\/v2\/types\/page"}],"author":[{"embeddable":true,"href":"https:\/\/venezuela.mapbiomas.org\/en\/wp-json\/wp\/v2\/users\/2"}],"replies":[{"embeddable":true,"href":"https:\/\/venezuela.mapbiomas.org\/en\/wp-json\/wp\/v2\/comments?post=293"}],"version-history":[{"count":2,"href":"https:\/\/venezuela.mapbiomas.org\/en\/wp-json\/wp\/v2\/pages\/293\/revisions"}],"predecessor-version":[{"id":849,"href":"https:\/\/venezuela.mapbiomas.org\/en\/wp-json\/wp\/v2\/pages\/293\/revisions\/849"}],"wp:attachment":[{"href":"https:\/\/venezuela.mapbiomas.org\/en\/wp-json\/wp\/v2\/media?parent=293"}],"curies":[{"name":"wp","href":"https:\/\/api.w.org\/{rel}","templated":true}]}}