{"id":299,"date":"2023-10-04T14:23:49","date_gmt":"2023-10-04T14:23:49","guid":{"rendered":"https:\/\/staging-venezuela.mapbiomas.org\/?page_id=299"},"modified":"2026-03-26T13:46:24","modified_gmt":"2026-03-26T17:46:24","slug":"destacados","status":"publish","type":"page","link":"https:\/\/venezuela.mapbiomas.org\/en\/destacados\/","title":{"rendered":"Fact sheets"},"content":{"rendered":"<p><strong>VEGETATION LOSS AND SECONDARY VEGETATION  \u2013 COLLECTION BETA<\/strong><\/p>\n\n\n\n<p><a href=\"https:\/\/venezuela.mapbiomas.org\/wp-content\/uploads\/sites\/5\/2026\/03\/Factsheet_Modulos_Vegetacion_Venezuela_Col-Beta.pdf\" target=\"_blank\" rel=\"noreferrer noopener\">Access the document here<\/a><\/p>\n\n\n\n<div class=\"wp-block-uagb-image uagb-block-4728e4c5 wp-block-uagb-image--layout-default wp-block-uagb-image--effect-static wp-block-uagb-image--align-none\"><figure class=\"wp-block-uagb-image__figure\"><a class=\"\" href=\"https:\/\/venezuela.mapbiomas.org\/wp-content\/uploads\/sites\/5\/2026\/03\/Factsheet_Modulos_Vegetacion_Venezuela_Col-Beta.pdf\" target=\"\" rel=\"noopener\"><img decoding=\"async\" src=\"https:\/\/venezuela.mapbiomas.org\/wp-content\/uploads\/sites\/5\/2026\/03\/Screenshot-from-2026-03-26-14-44-16.png\" alt=\"\" class=\"uag-image-1448\" width=\"1028\" height=\"512\" title=\"\" loading=\"lazy\" \/><\/a><\/figure><\/div>\n\n\n\n<p><strong><strong>MAPBIOMAS VENEZUELA COLLECTION <\/strong><\/strong>3<\/p>\n\n\n\n<p><a href=\"https:\/\/venezuela.mapbiomas.org\/wp-content\/uploads\/sites\/5\/2025\/11\/Factsheet_Venezuela_Col_3-LCLU_04.11.pdf\" data-type=\"URL\" data-id=\"https:\/\/venezuela.mapbiomas.org\/wp-content\/uploads\/sites\/5\/2025\/11\/Factsheet_Venezuela_Col_3-LCLU_04.11.pdf\" target=\"_blank\" rel=\"noreferrer noopener\">Access the document here<\/a><\/p>\n\n\n\n<figure class=\"wp-block-image size-large\"><img decoding=\"async\" loading=\"lazy\" width=\"1024\" height=\"576\" src=\"https:\/\/venezuela.mapbiomas.org\/wp-content\/uploads\/sites\/5\/2025\/11\/Screenshot-2025-11-05-at-13.06.47-1024x576.png\" alt=\"\" class=\"wp-image-1156\" srcset=\"https:\/\/venezuela.mapbiomas.org\/wp-content\/uploads\/sites\/5\/2025\/11\/Screenshot-2025-11-05-at-13.06.47-1024x576.png 1024w, https:\/\/venezuela.mapbiomas.org\/wp-content\/uploads\/sites\/5\/2025\/11\/Screenshot-2025-11-05-at-13.06.47-300x169.png 300w, https:\/\/venezuela.mapbiomas.org\/wp-content\/uploads\/sites\/5\/2025\/11\/Screenshot-2025-11-05-at-13.06.47-768x432.png 768w, https:\/\/venezuela.mapbiomas.org\/wp-content\/uploads\/sites\/5\/2025\/11\/Screenshot-2025-11-05-at-13.06.47-18x10.png 18w, https:\/\/venezuela.mapbiomas.org\/wp-content\/uploads\/sites\/5\/2025\/11\/Screenshot-2025-11-05-at-13.06.47-970x545.png 970w, https:\/\/venezuela.mapbiomas.org\/wp-content\/uploads\/sites\/5\/2025\/11\/Screenshot-2025-11-05-at-13.06.47.png 1199w\" sizes=\"(max-width: 1024px) 100vw, 1024px\" \/><\/figure>\n\n\n\n<p><strong><strong>MAPBIOMAS VENEZUELA COLLECTION <\/strong><\/strong>3<\/p>\n\n\n\n<p><a href=\"https:\/\/venezuela.mapbiomas.org\/wp-content\/uploads\/sites\/5\/2026\/03\/FactSheet-Water-C3-Venezuela_ES_12_2025-1.pdf\" target=\"_blank\" rel=\"noreferrer noopener\">Accede el documento aqu\u00ed<\/a><\/p>\n\n\n\n<div class=\"wp-block-uagb-image uagb-block-df75b037 wp-block-uagb-image--layout-default wp-block-uagb-image--effect-static wp-block-uagb-image--align-none\"><figure class=\"wp-block-uagb-image__figure\"><a class=\"\" href=\"https:\/\/venezuela.mapbiomas.org\/wp-content\/uploads\/sites\/5\/2026\/03\/FactSheet-Water-C3-Venezuela_ES_12_2025-1.pdf\" target=\"\" rel=\"noopener\"><img decoding=\"async\" src=\"https:\/\/venezuela.mapbiomas.org\/wp-content\/uploads\/sites\/5\/2026\/03\/Screenshot-from-2026-03-12-15-44-08.png\" alt=\"\" class=\"uag-image-1372\" width=\"1024\" height=\"578\" title=\"\" loading=\"lazy\" \/><\/a><\/figure><\/div>\n\n\n\n<h4 class=\"wp-block-heading\"><strong><strong>MAPBIOMAS VENEZUELA COLLECTION <\/strong>2<\/strong><\/h4>\n\n\n\n<p><a href=\"https:\/\/venezuela.mapbiomas.org\/wp-content\/uploads\/sites\/5\/2024\/11\/Factsheet_Venezuela_Col-2_04.11.pdf\" target=\"_blank\" rel=\"noreferrer noopener\">Land cover and land use<\/a><\/p>\n\n\n\n<figure class=\"wp-block-image size-large is-resized\"><a href=\"https:\/\/venezuela.mapbiomas.org\/wp-content\/uploads\/sites\/5\/2024\/11\/Factsheet_Venezuela_Col-2_04.11.pdf\" target=\"_blank\" rel=\"noreferrer noopener\"><img decoding=\"async\" src=\"https:\/\/venezuela.mapbiomas.org\/wp-content\/uploads\/sites\/5\/2024\/11\/Factsheet_mini.png\" alt=\"\" width=\"1024\" \/><\/a><\/figure>\n\n\n\n<h4 class=\"wp-block-heading\"><strong><strong>MAPBIOMAS AGUA  &#8211; COLECCI\u00d3N 2.0<\/strong><\/strong><\/h4>\n\n\n\n<figure class=\"wp-block-image size-full is-resized\"><a href=\"https:\/\/venezuela.mapbiomas.org\/wp-content\/uploads\/sites\/5\/2025\/07\/2025-FactSheet-Water-C2-Venezuela.pdf\" target=\"_blank\" rel=\"noreferrer noopener\"><img decoding=\"async\" loading=\"lazy\" src=\"https:\/\/venezuela.mapbiomas.org\/wp-content\/uploads\/sites\/5\/2025\/07\/banner-agua.jpg\" alt=\"\" class=\"wp-image-1033\" width=\"1024\" height=\"600\" \/><\/a><\/figure>\n\n\n\n<h4 class=\"wp-block-heading\"><strong><strong>MAPBIOMAS AGUA PA\u00cdSES PANAMAZ\u00d3NICOS &#8211; COLECCI\u00d3N 1.0<\/strong><\/strong><\/h4>\n\n\n\n<p><a href=\"https:\/\/venezuela.mapbiomas.org\/wp-content\/uploads\/sites\/5\/2023\/11\/Factsheet_Mapbiomas_Agua_v_2009.pdf\" target=\"_blank\" rel=\"noreferrer noopener\">Water dynamics<\/a><\/p>\n\n\n\n<figure class=\"wp-block-image size-large is-resized\"><a href=\"https:\/\/venezuela.mapbiomas.org\/wp-content\/uploads\/sites\/5\/2023\/11\/Factsheet_Mapbiomas_Agua_v_2009.pdf\" target=\"_blank\" rel=\"noreferrer noopener\"><img decoding=\"async\" src=\"https:\/\/venezuela.mapbiomas.org\/wp-content\/uploads\/sites\/5\/2023\/11\/DestaquesAgua2023.jpg\" alt=\"\" width=\"1024\" \/><\/a><\/figure>\n\n\n\n<h4 class=\"wp-block-heading has-medium-font-size\"><strong>MAPBIOMAS NETWORK <\/strong><\/h4>\n\n\n\n<p><a href=\"https:\/\/venezuela.mapbiomas.org\/wp-content\/uploads\/sites\/5\/2024\/02\/MapBiomas-Data-Solutions-to-Face-Climate-Crisis_231202-AF-digital2-.pdf\">Data from MapBiomas Network<\/a><\/p>\n\n\n\n<figure class=\"wp-block-image size-large\"><a href=\"https:\/\/venezuela.mapbiomas.org\/wp-content\/uploads\/sites\/5\/2024\/02\/MapBiomas-Data-Solutions-to-Face-Climate-Crisis_231202-AF-digital2-.pdf\"><img decoding=\"async\" loading=\"lazy\" width=\"1024\" height=\"490\" src=\"https:\/\/venezuela.mapbiomas.org\/wp-content\/uploads\/sites\/5\/2024\/02\/COP-1024x490.png\" alt=\"\" class=\"wp-image-713\" srcset=\"https:\/\/venezuela.mapbiomas.org\/wp-content\/uploads\/sites\/5\/2024\/02\/COP-1024x490.png 1024w, https:\/\/venezuela.mapbiomas.org\/wp-content\/uploads\/sites\/5\/2024\/02\/COP-300x144.png 300w, https:\/\/venezuela.mapbiomas.org\/wp-content\/uploads\/sites\/5\/2024\/02\/COP-768x368.png 768w, https:\/\/venezuela.mapbiomas.org\/wp-content\/uploads\/sites\/5\/2024\/02\/COP-1536x736.png 1536w, https:\/\/venezuela.mapbiomas.org\/wp-content\/uploads\/sites\/5\/2024\/02\/COP-2048x981.png 2048w, https:\/\/venezuela.mapbiomas.org\/wp-content\/uploads\/sites\/5\/2024\/02\/COP-18x9.png 18w\" sizes=\"(max-width: 1024px) 100vw, 1024px\" \/><\/a><\/figure>","protected":false},"excerpt":{"rendered":"<p>P\u00c9RDIDA DE VEGETACI\u00d3N Y VEGETACI\u00d3N SECUNDARIA \u2013 COLECCI\u00d3N BETA Acceda al documento aqu\u00ed MAPBIOMAS VENEZUELA COLECCI\u00d3N 3 Accede al documento aqu\u00ed MAPBIOMAS VENEZUELA COLECCI\u00d3N 3 Accede el documento aqu\u00ed MAPBIOMAS VENEZUELA COLECCI\u00d3N 2 Uso y cobertura del suelo MAPBIOMAS AGUA &#8211; COLECCI\u00d3N 2.0 MAPBIOMAS AGUA PA\u00cdSES PANAMAZ\u00d3NICOS &#8211; COLECCI\u00d3N 1.0 Din\u00e1mica de Agua RED MAPBIOMAS [&hellip;]<\/p>","protected":false},"author":2,"featured_media":0,"parent":0,"menu_order":0,"comment_status":"closed","ping_status":"closed","template":"","meta":{"_uag_custom_page_level_css":""},"acf":[],"uagb_featured_image_src":{"full":false,"thumbnail":false,"medium":false,"medium_large":false,"large":false,"1536x1536":false,"2048x2048":false,"trp-custom-language-flag":false,"infographic":false,"team":false},"uagb_author_info":{"display_name":"Adriel Fernandes","author_link":"https:\/\/venezuela.mapbiomas.org\/en\/author\/adriel-fernandes\/"},"uagb_comment_info":0,"uagb_excerpt":"P\u00c9RDIDA DE VEGETACI\u00d3N Y VEGETACI\u00d3N SECUNDARIA \u2013 COLECCI\u00d3N BETA Acceda al documento aqu\u00ed MAPBIOMAS VENEZUELA COLECCI\u00d3N 3 Accede al documento aqu\u00ed MAPBIOMAS VENEZUELA COLECCI\u00d3N 3 Accede el documento aqu\u00ed MAPBIOMAS VENEZUELA COLECCI\u00d3N 2 Uso y cobertura del suelo MAPBIOMAS AGUA &#8211; COLECCI\u00d3N 2.0 MAPBIOMAS AGUA PA\u00cdSES PANAMAZ\u00d3NICOS &#8211; COLECCI\u00d3N 1.0 Din\u00e1mica de Agua RED MAPBIOMAS&hellip;","_links":{"self":[{"href":"https:\/\/venezuela.mapbiomas.org\/en\/wp-json\/wp\/v2\/pages\/299"}],"collection":[{"href":"https:\/\/venezuela.mapbiomas.org\/en\/wp-json\/wp\/v2\/pages"}],"about":[{"href":"https:\/\/venezuela.mapbiomas.org\/en\/wp-json\/wp\/v2\/types\/page"}],"author":[{"embeddable":true,"href":"https:\/\/venezuela.mapbiomas.org\/en\/wp-json\/wp\/v2\/users\/2"}],"replies":[{"embeddable":true,"href":"https:\/\/venezuela.mapbiomas.org\/en\/wp-json\/wp\/v2\/comments?post=299"}],"version-history":[{"count":29,"href":"https:\/\/venezuela.mapbiomas.org\/en\/wp-json\/wp\/v2\/pages\/299\/revisions"}],"predecessor-version":[{"id":1449,"href":"https:\/\/venezuela.mapbiomas.org\/en\/wp-json\/wp\/v2\/pages\/299\/revisions\/1449"}],"wp:attachment":[{"href":"https:\/\/venezuela.mapbiomas.org\/en\/wp-json\/wp\/v2\/media?parent=299"}],"curies":[{"name":"wp","href":"https:\/\/api.w.org\/{rel}","templated":true}]}}