{"id":302,"date":"2023-10-04T14:25:11","date_gmt":"2023-10-04T14:25:11","guid":{"rendered":"https:\/\/staging-venezuela.mapbiomas.org\/?page_id=302"},"modified":"2025-07-16T13:01:32","modified_gmt":"2025-07-16T17:01:32","slug":"infografia","status":"publish","type":"page","link":"https:\/\/venezuela.mapbiomas.org\/en\/infografia\/","title":{"rendered":"INFOGRAPHIC"},"content":{"rendered":"<p>Download the infographics of MapBiomas Venezuela Collection 2:<\/p>\n\n\n\n<figure class=\"wp-block-image size-large\"><a href=\"https:\/\/venezuela.mapbiomas.org\/wp-content\/uploads\/sites\/5\/2024\/11\/MBI-Infograficos-venezuela-2.0-EN-scaled.jpg\" target=\"_blank\" rel=\"noreferrer noopener\"><img decoding=\"async\" loading=\"lazy\" width=\"1024\" height=\"575\" src=\"https:\/\/venezuela.mapbiomas.org\/wp-content\/uploads\/sites\/5\/2024\/11\/MBI-Infograficos-venezuela-2.0-EN-scaled.jpg\" alt=\"\" class=\"wp-image-843\" srcset=\"https:\/\/venezuela.mapbiomas.org\/wp-content\/uploads\/sites\/5\/2024\/11\/MBI-Infograficos-venezuela-2.0-EN-scaled.jpg 2560w, https:\/\/venezuela.mapbiomas.org\/wp-content\/uploads\/sites\/5\/2024\/11\/MBI-Infograficos-venezuela-2.0-EN-300x168.jpg 300w, https:\/\/venezuela.mapbiomas.org\/wp-content\/uploads\/sites\/5\/2024\/11\/MBI-Infograficos-venezuela-2.0-EN-1024x575.jpg 1024w, https:\/\/venezuela.mapbiomas.org\/wp-content\/uploads\/sites\/5\/2024\/11\/MBI-Infograficos-venezuela-2.0-EN-768x431.jpg 768w, https:\/\/venezuela.mapbiomas.org\/wp-content\/uploads\/sites\/5\/2024\/11\/MBI-Infograficos-venezuela-2.0-EN-1536x863.jpg 1536w, https:\/\/venezuela.mapbiomas.org\/wp-content\/uploads\/sites\/5\/2024\/11\/MBI-Infograficos-venezuela-2.0-EN-2048x1150.jpg 2048w, https:\/\/venezuela.mapbiomas.org\/wp-content\/uploads\/sites\/5\/2024\/11\/MBI-Infograficos-venezuela-2.0-EN-18x10.jpg 18w, https:\/\/venezuela.mapbiomas.org\/wp-content\/uploads\/sites\/5\/2024\/11\/MBI-Infograficos-venezuela-2.0-EN-970x545.jpg 970w\" sizes=\"(max-width: 1024px) 100vw, 1024px\" \/><\/a><\/figure>\n\n\n\n<p>Descargue aqu\u00ed las infograf\u00edas de la Colecci\u00f3n 2 de MapBiomas Agua Venezuela:<\/p>\n\n\n\n<figure class=\"wp-block-image size-large\"><a href=\"https:\/\/venezuela.mapbiomas.org\/wp-content\/uploads\/sites\/5\/2025\/07\/MBI-infografico-agua-venezuela-2025-ES-scaled.jpg\" target=\"_blank\" rel=\"noreferrer noopener\"><img decoding=\"async\" loading=\"lazy\" width=\"1024\" height=\"575\" src=\"https:\/\/venezuela.mapbiomas.org\/wp-content\/uploads\/sites\/5\/2025\/07\/MBI-infografico-agua-venezuela-2025-ES-1024x575.jpg\" alt=\"\" class=\"wp-image-1030\" srcset=\"https:\/\/venezuela.mapbiomas.org\/wp-content\/uploads\/sites\/5\/2025\/07\/MBI-infografico-agua-venezuela-2025-ES-1024x575.jpg 1024w, https:\/\/venezuela.mapbiomas.org\/wp-content\/uploads\/sites\/5\/2025\/07\/MBI-infografico-agua-venezuela-2025-ES-300x169.jpg 300w, https:\/\/venezuela.mapbiomas.org\/wp-content\/uploads\/sites\/5\/2025\/07\/MBI-infografico-agua-venezuela-2025-ES-768x431.jpg 768w, https:\/\/venezuela.mapbiomas.org\/wp-content\/uploads\/sites\/5\/2025\/07\/MBI-infografico-agua-venezuela-2025-ES-1536x863.jpg 1536w, https:\/\/venezuela.mapbiomas.org\/wp-content\/uploads\/sites\/5\/2025\/07\/MBI-infografico-agua-venezuela-2025-ES-2048x1151.jpg 2048w, https:\/\/venezuela.mapbiomas.org\/wp-content\/uploads\/sites\/5\/2025\/07\/MBI-infografico-agua-venezuela-2025-ES-18x10.jpg 18w, https:\/\/venezuela.mapbiomas.org\/wp-content\/uploads\/sites\/5\/2025\/07\/MBI-infografico-agua-venezuela-2025-ES-970x545.jpg 970w\" sizes=\"(max-width: 1024px) 100vw, 1024px\" \/><\/a><\/figure>","protected":false},"excerpt":{"rendered":"<p>Descargue aqu\u00ed las infograf\u00edas de la Colecci\u00f3n 2 de MapBiomas Venezuela: Descargue aqu\u00ed las infograf\u00edas de la Colecci\u00f3n 2 de MapBiomas Agua Venezuela:<\/p>","protected":false},"author":2,"featured_media":0,"parent":0,"menu_order":0,"comment_status":"closed","ping_status":"closed","template":"","meta":{"_uag_custom_page_level_css":""},"acf":[],"uagb_featured_image_src":{"full":false,"thumbnail":false,"medium":false,"medium_large":false,"large":false,"1536x1536":false,"2048x2048":false,"trp-custom-language-flag":false,"infographic":false,"team":false},"uagb_author_info":{"display_name":"Adriel Fernandes","author_link":"https:\/\/venezuela.mapbiomas.org\/en\/author\/adriel-fernandes\/"},"uagb_comment_info":0,"uagb_excerpt":"Descargue aqu\u00ed las infograf\u00edas de la Colecci\u00f3n 2 de MapBiomas Venezuela: Descargue aqu\u00ed las infograf\u00edas de la Colecci\u00f3n 2 de MapBiomas Agua Venezuela:","_links":{"self":[{"href":"https:\/\/venezuela.mapbiomas.org\/en\/wp-json\/wp\/v2\/pages\/302"}],"collection":[{"href":"https:\/\/venezuela.mapbiomas.org\/en\/wp-json\/wp\/v2\/pages"}],"about":[{"href":"https:\/\/venezuela.mapbiomas.org\/en\/wp-json\/wp\/v2\/types\/page"}],"author":[{"embeddable":true,"href":"https:\/\/venezuela.mapbiomas.org\/en\/wp-json\/wp\/v2\/users\/2"}],"replies":[{"embeddable":true,"href":"https:\/\/venezuela.mapbiomas.org\/en\/wp-json\/wp\/v2\/comments?post=302"}],"version-history":[{"count":10,"href":"https:\/\/venezuela.mapbiomas.org\/en\/wp-json\/wp\/v2\/pages\/302\/revisions"}],"predecessor-version":[{"id":1031,"href":"https:\/\/venezuela.mapbiomas.org\/en\/wp-json\/wp\/v2\/pages\/302\/revisions\/1031"}],"wp:attachment":[{"href":"https:\/\/venezuela.mapbiomas.org\/en\/wp-json\/wp\/v2\/media?parent=302"}],"curies":[{"name":"wp","href":"https:\/\/api.w.org\/{rel}","templated":true}]}}