{"id":304,"date":"2023-10-04T14:26:11","date_gmt":"2023-10-04T14:26:11","guid":{"rendered":"https:\/\/staging-venezuela.mapbiomas.org\/?page_id=304"},"modified":"2026-04-13T23:04:37","modified_gmt":"2026-04-14T03:04:37","slug":"codigos-de-la-leyenda","status":"publish","type":"page","link":"https:\/\/venezuela.mapbiomas.org\/en\/codigos-de-la-leyenda\/","title":{"rendered":"Legend Codes"},"content":{"rendered":"<p>The codes and descriptions of the legends that appear in raster files of each MapBiomas Venezuela collection are available at:&nbsp;<\/p>\n\n\n\n<p>Land Cover and LandUse Legend codes<\/p>\n\n\n\n<ul>\n<li><a href=\"https:\/\/venezuela.mapbiomas.org\/wp-content\/uploads\/sites\/5\/2023\/11\/Legend-Code_Venezuela-Col-1.pdf\" target=\"_blank\" rel=\"noreferrer noopener\">Collection 1<\/a><\/li>\n\n\n\n<li><a rel=\"noreferrer noopener\" href=\"https:\/\/venezuela.mapbiomas.org\/wp-content\/uploads\/sites\/5\/2024\/11\/MB-Venezuela-Col-2-Legend-Code.pdf\" target=\"_blank\">Collection 2<\/a><\/li>\n\n\n\n<li><a rel=\"noreferrer noopener\" href=\"https:\/\/venezuela.mapbiomas.org\/wp-content\/uploads\/sites\/5\/2025\/11\/MB-Venezuela-Col-3-Legend-Code.pdf\" data-type=\"URL\" data-id=\"https:\/\/venezuela.mapbiomas.org\/wp-content\/uploads\/sites\/5\/2025\/11\/MB-Venezuela-Col-3-Legend-Code.pdf\" target=\"_blank\">Collection 3<\/a><\/li>\n<\/ul>\n\n\n\n<p>Transitions Legend codes<\/p>\n\n\n\n<ul>\n<li><a rel=\"noreferrer noopener\" href=\"https:\/\/venezuela.mapbiomas.org\/wp-content\/uploads\/sites\/5\/2024\/11\/MB-Venezuela-Col2-Transition-Colors.pdf\" target=\"_blank\">Collection 1 and 2<\/a><\/li>\n\n\n\n<li><a rel=\"noreferrer noopener\" href=\"https:\/\/venezuela.mapbiomas.org\/wp-content\/uploads\/sites\/5\/2026\/02\/Leyenda-de-Transiciones-Col3-Transitions-_-Transiciones.pdf\" target=\"_blank\">Collection 3<\/a><\/li>\n<\/ul>\n\n\n\n<p>Legend Code Vegetation Loss and Secondary Vegetation Module<\/p>\n\n\n\n<ul>\n<li><a rel=\"noreferrer noopener\" href=\"https:\/\/venezuela.mapbiomas.org\/wp-content\/uploads\/sites\/5\/2026\/03\/Codigo-de-Leyenda-de-Veget-Website-Descargas.pdf\" target=\"_blank\">Collection Beta (1985-2024)<\/a><\/li>\n<\/ul>\n\n\n\n<p>Legend Code Urban Module<\/p>\n\n\n\n<ul>\n<li><a href=\"https:\/\/venezuela.mapbiomas.org\/wp-content\/uploads\/sites\/5\/2026\/04\/Urban-Module_Code-of-Legend-Beta-Collection.pdf\" target=\"_blank\" rel=\"noreferrer noopener\">Collection Beta (1985-2024)<\/a><\/li>\n<\/ul>\n\n\n\n<p>Legend Code Water<\/p>\n\n\n\n<ul>\n<li><a rel=\"noreferrer noopener\" href=\"https:\/\/venezuela.mapbiomas.org\/wp-content\/uploads\/sites\/5\/2026\/03\/Leyenda-MapBiomas-Agua-Venezuela_COL3.pdf\" target=\"_blank\">Collection 3<\/a><\/li>\n<\/ul>\n\n\n\n<p>Legend description<\/p>\n\n\n\n<ul>\n<li><a href=\"https:\/\/venezuela.mapbiomas.org\/wp-content\/uploads\/sites\/5\/2025\/11\/MB-Venezuela-Col-3-Legend-Descript-EN.pdf\" data-type=\"URL\" data-id=\"https:\/\/venezuela.mapbiomas.org\/wp-content\/uploads\/sites\/5\/2025\/11\/MB-Venezuela-Col-3-Legend-Descript-ES.pdf\">Collection 3<\/a><\/li>\n\n\n\n<li><a rel=\"noreferrer noopener\" href=\"https:\/\/venezuela.mapbiomas.org\/wp-content\/uploads\/sites\/5\/2024\/11\/MB-Venezuela-Col-2-Legend-Descript-EN.pdf\" target=\"_blank\">Collection 2<\/a><\/li>\n\n\n\n<li><a href=\"https:\/\/venezuela.mapbiomas.org\/wp-content\/uploads\/sites\/5\/2023\/11\/Venezuela-Legend-Description_Col-1.0.pdf\" target=\"_blank\" rel=\"noreferrer noopener\">Collection 1<\/a><\/li>\n\n\n\n<li><a rel=\"noreferrer noopener\" href=\"https:\/\/venezuela.mapbiomas.org\/wp-content\/uploads\/sites\/5\/2026\/03\/Descripcion-de-Leyenda-Veget-Website-Descargas.pdf\" target=\"_blank\">Vegetation Loss and Secondary Vegetation (Beta)<\/a><\/li>\n\n\n\n<li><a href=\"https:\/\/venezuela.mapbiomas.org\/wp-content\/uploads\/sites\/5\/2026\/04\/MBU-Descripcion-de-las-clases-de-los-submodulos-de-urbano.pdf\" target=\"_blank\" rel=\"noreferrer noopener\">Urban (Beta)<\/a><\/li>\n<\/ul>","protected":false},"excerpt":{"rendered":"<p>Los c\u00f3digos y descripciones de la leyenda que aparecen en los archivos en formato r\u00e1ster de MapBiomas Venezuela est\u00e1n disponibles en:&nbsp; C\u00f3digo de Leyenda de Cobertura y Uso del Suelo C\u00f3digo de Leyenda de Transiciones C\u00f3digo M\u00f3dulo P\u00e9rdida de vegetaci\u00f3n y Vegetaci\u00f3n secundaria C\u00f3digo de Leyenda M\u00f3dulo Urbano C\u00f3digo de Leyenda de Agua Descripci\u00f3n de [&hellip;]<\/p>","protected":false},"author":2,"featured_media":0,"parent":0,"menu_order":0,"comment_status":"closed","ping_status":"closed","template":"","meta":{"_uag_custom_page_level_css":""},"acf":[],"uagb_featured_image_src":{"full":false,"thumbnail":false,"medium":false,"medium_large":false,"large":false,"1536x1536":false,"2048x2048":false,"trp-custom-language-flag":false,"infographic":false,"team":false},"uagb_author_info":{"display_name":"Adriel Fernandes","author_link":"https:\/\/venezuela.mapbiomas.org\/en\/author\/adriel-fernandes\/"},"uagb_comment_info":0,"uagb_excerpt":"Los c\u00f3digos y descripciones de la leyenda que aparecen en los archivos en formato r\u00e1ster de MapBiomas Venezuela est\u00e1n disponibles en:&nbsp; C\u00f3digo de Leyenda de Cobertura y Uso del Suelo C\u00f3digo de Leyenda de Transiciones C\u00f3digo M\u00f3dulo P\u00e9rdida de vegetaci\u00f3n y Vegetaci\u00f3n secundaria C\u00f3digo de Leyenda M\u00f3dulo Urbano C\u00f3digo de Leyenda de Agua Descripci\u00f3n de&hellip;","_links":{"self":[{"href":"https:\/\/venezuela.mapbiomas.org\/en\/wp-json\/wp\/v2\/pages\/304"}],"collection":[{"href":"https:\/\/venezuela.mapbiomas.org\/en\/wp-json\/wp\/v2\/pages"}],"about":[{"href":"https:\/\/venezuela.mapbiomas.org\/en\/wp-json\/wp\/v2\/types\/page"}],"author":[{"embeddable":true,"href":"https:\/\/venezuela.mapbiomas.org\/en\/wp-json\/wp\/v2\/users\/2"}],"replies":[{"embeddable":true,"href":"https:\/\/venezuela.mapbiomas.org\/en\/wp-json\/wp\/v2\/comments?post=304"}],"version-history":[{"count":29,"href":"https:\/\/venezuela.mapbiomas.org\/en\/wp-json\/wp\/v2\/pages\/304\/revisions"}],"predecessor-version":[{"id":1500,"href":"https:\/\/venezuela.mapbiomas.org\/en\/wp-json\/wp\/v2\/pages\/304\/revisions\/1500"}],"wp:attachment":[{"href":"https:\/\/venezuela.mapbiomas.org\/en\/wp-json\/wp\/v2\/media?parent=304"}],"curies":[{"name":"wp","href":"https:\/\/api.w.org\/{rel}","templated":true}]}}