{"id":353,"date":"2023-10-04T15:58:09","date_gmt":"2023-10-04T15:58:09","guid":{"rendered":"https:\/\/staging-venezuela.mapbiomas.org\/?page_id=353"},"modified":"2026-03-26T12:33:31","modified_gmt":"2026-03-26T16:33:31","slug":"acceda-a-los-atdbs","status":"publish","type":"page","link":"https:\/\/venezuela.mapbiomas.org\/en\/acceda-a-los-atdbs\/","title":{"rendered":"Access the ATBDs"},"content":{"rendered":"<p>El Documento de Base Te\u00f3rica del Algoritmo (ATBD, por sus siglas en ingl\u00e9s) describe el algoritmo, el proceso de desarrollo y producci\u00f3n de mapas utilizados en las colecciones de MapBiomas Venezuela. El ATBD es un documento din\u00e1mico que se actualiza con cada colecci\u00f3n para incorporar nueva informaci\u00f3n y conocimientos del proyecto.<\/p>\n\n\n\n<p>MapBiomas Venezuela cuenta con un ATBD General completo que incluye un conjunto de ap\u00e9ndices que detallan las metodolog\u00edas para la clasificaci\u00f3n de temas transversales. Los ATBD de temas transversales han sido desarrollados en colaboraci\u00f3n con la RAISG en el contexto del proyecto MapBiomas Amazon\u00eda.<\/p>\n\n\n\n<h4 class=\"wp-block-heading\"><strong>GENERAL ATBD&nbsp;<\/strong><\/h4>\n\n\n\n<p>ATBD GENERAL COLECCI\u00d3N 3 <a href=\"https:\/\/venezuela.mapbiomas.org\/wp-content\/uploads\/sites\/5\/2026\/02\/General-ATBD-MapBiomas-Venezuela-Collection-3-EN.pdf\" target=\"_blank\" rel=\"noreferrer noopener\">[LINK]<\/a><\/p>\n\n\n\n<h4 class=\"wp-block-heading\"><strong>APPENDICES<\/strong><\/h4>\n\n\n\n<p>To access the cross-cutting themes ATBDs, click the following links:<\/p>\n\n\n\n<ul>\n<li>Floodable covers <a href=\"https:\/\/venezuela.mapbiomas.org\/wp-content\/uploads\/sites\/5\/2025\/11\/Apendice-10-Coberturas-inundables-Coleccion-6.0.pdf\" data-type=\"URL\" data-id=\"https:\/\/venezuela.mapbiomas.org\/wp-content\/uploads\/sites\/5\/2025\/11\/Apendice-10-Coberturas-inundables-Coleccion-6.0.pdf\" target=\"_blank\" rel=\"noreferrer noopener\">[LINK]<\/a><\/li>\n\n\n\n<li>Mining use <a rel=\"noreferrer noopener\" href=\"https:\/\/venezuela.mapbiomas.org\/wp-content\/uploads\/sites\/5\/2025\/11\/Apendice-8-Mineria-Coleccion-6.0.pdf\" data-type=\"URL\" data-id=\"https:\/\/venezuela.mapbiomas.org\/wp-content\/uploads\/sites\/5\/2025\/11\/Apendice-8-Mineria-Coleccion-6.0.pdf\" target=\"_blank\">[LINK]<\/a><\/li>\n\n\n\n<li>Vegetation Loss and Secondary Vegetation Modules [<a href=\"https:\/\/venezuela.mapbiomas.org\/wp-content\/uploads\/sites\/5\/2026\/03\/Appendix_Vegetation_Modules_Venezuela.pdf\" target=\"_blank\" rel=\"noreferrer noopener\">LINK<\/a>]<\/li>\n<\/ul>","protected":false},"excerpt":{"rendered":"<p>El Documento de Base Te\u00f3rica del Algoritmo (ATBD, por sus siglas en ingl\u00e9s) describe el algoritmo, el proceso de desarrollo y producci\u00f3n de mapas utilizados en las colecciones de MapBiomas Venezuela. El ATBD es un documento din\u00e1mico que se actualiza con cada colecci\u00f3n para incorporar nueva informaci\u00f3n y conocimientos del proyecto. MapBiomas Venezuela cuenta con [&hellip;]<\/p>","protected":false},"author":2,"featured_media":0,"parent":0,"menu_order":0,"comment_status":"closed","ping_status":"closed","template":"","meta":{"_uag_custom_page_level_css":""},"acf":[],"uagb_featured_image_src":{"full":false,"thumbnail":false,"medium":false,"medium_large":false,"large":false,"1536x1536":false,"2048x2048":false,"trp-custom-language-flag":false,"infographic":false,"team":false},"uagb_author_info":{"display_name":"Adriel Fernandes","author_link":"https:\/\/venezuela.mapbiomas.org\/en\/author\/adriel-fernandes\/"},"uagb_comment_info":0,"uagb_excerpt":"El Documento de Base Te\u00f3rica del Algoritmo (ATBD, por sus siglas en ingl\u00e9s) describe el algoritmo, el proceso de desarrollo y producci\u00f3n de mapas utilizados en las colecciones de MapBiomas Venezuela. El ATBD es un documento din\u00e1mico que se actualiza con cada colecci\u00f3n para incorporar nueva informaci\u00f3n y conocimientos del proyecto. MapBiomas Venezuela cuenta con&hellip;","_links":{"self":[{"href":"https:\/\/venezuela.mapbiomas.org\/en\/wp-json\/wp\/v2\/pages\/353"}],"collection":[{"href":"https:\/\/venezuela.mapbiomas.org\/en\/wp-json\/wp\/v2\/pages"}],"about":[{"href":"https:\/\/venezuela.mapbiomas.org\/en\/wp-json\/wp\/v2\/types\/page"}],"author":[{"embeddable":true,"href":"https:\/\/venezuela.mapbiomas.org\/en\/wp-json\/wp\/v2\/users\/2"}],"replies":[{"embeddable":true,"href":"https:\/\/venezuela.mapbiomas.org\/en\/wp-json\/wp\/v2\/comments?post=353"}],"version-history":[{"count":28,"href":"https:\/\/venezuela.mapbiomas.org\/en\/wp-json\/wp\/v2\/pages\/353\/revisions"}],"predecessor-version":[{"id":1431,"href":"https:\/\/venezuela.mapbiomas.org\/en\/wp-json\/wp\/v2\/pages\/353\/revisions\/1431"}],"wp:attachment":[{"href":"https:\/\/venezuela.mapbiomas.org\/en\/wp-json\/wp\/v2\/media?parent=353"}],"curies":[{"name":"wp","href":"https:\/\/api.w.org\/{rel}","templated":true}]}}