{"id":970,"date":"2025-05-12T17:21:16","date_gmt":"2025-05-12T21:21:16","guid":{"rendered":"https:\/\/venezuela.mapbiomas.org\/?page_id=970"},"modified":"2026-03-13T10:34:51","modified_gmt":"2026-03-13T14:34:51","slug":"primera-edicion-del-premio-mapbiomas-venezuela","status":"publish","type":"page","link":"https:\/\/venezuela.mapbiomas.org\/en\/primera-edicion-del-premio-mapbiomas-venezuela\/","title":{"rendered":"Primera Edici\u00f3n del Premio MapBiomas Venezuela"},"content":{"rendered":"<figure class=\"wp-block-image aligncenter size-large is-resized is-style-default\"><img decoding=\"async\" loading=\"lazy\" src=\"https:\/\/venezuela.mapbiomas.org\/wp-content\/uploads\/sites\/5\/2025\/05\/Imagen-Web-PremioMapBiomas2025-1024x512.png\" alt=\"\" class=\"wp-image-980\" width=\"743\" height=\"372\" srcset=\"https:\/\/venezuela.mapbiomas.org\/wp-content\/uploads\/sites\/5\/2025\/05\/Imagen-Web-PremioMapBiomas2025-1024x512.png 1024w, https:\/\/venezuela.mapbiomas.org\/wp-content\/uploads\/sites\/5\/2025\/05\/Imagen-Web-PremioMapBiomas2025-300x150.png 300w, https:\/\/venezuela.mapbiomas.org\/wp-content\/uploads\/sites\/5\/2025\/05\/Imagen-Web-PremioMapBiomas2025-768x384.png 768w, https:\/\/venezuela.mapbiomas.org\/wp-content\/uploads\/sites\/5\/2025\/05\/Imagen-Web-PremioMapBiomas2025-1536x768.png 1536w, https:\/\/venezuela.mapbiomas.org\/wp-content\/uploads\/sites\/5\/2025\/05\/Imagen-Web-PremioMapBiomas2025-2048x1024.png 2048w, https:\/\/venezuela.mapbiomas.org\/wp-content\/uploads\/sites\/5\/2025\/05\/Imagen-Web-PremioMapBiomas2025-18x9.png 18w\" sizes=\"(max-width: 743px) 100vw, 743px\" \/><\/figure>\n\n\n\n<div class=\"wp-block-uagb-container uagb-block-2320661a default uagb-is-root-container\">\n<div class=\"wp-block-uagb-container uagb-block-7d5ae591\">\n<div class=\"wp-block-uagb-container uagb-block-bf1b6994\">\n<div class=\"wp-block-buttons is-content-justification-right is-layout-flex wp-container-1\">\n<div class=\"wp-block-button has-custom-width wp-block-button__width-75 is-style-info\" id=\"https:\/\/colombia.mapbiomas.org\/wp-content\/uploads\/sites\/3\/2025\/04\/Bases-1era-Edicion-Premio-MapBiomas-Colombia-2025.pdf\"><a class=\"wp-block-button__link wp-element-button\" href=\"https:\/\/venezuela.mapbiomas.org\/wp-content\/uploads\/sites\/5\/2025\/05\/Premio-MB-Venezuela-2025_TdR-5.pdf\" target=\"_blank\" rel=\"https:\/\/colombia.mapbiomas.org\/wp-content\/uploads\/sites\/3\/2025\/04\/Bases-1era-Edicion-Premio-MapBiomas-Colombia-2025.pdf noopener\">Bases<\/a><\/div>\n<\/div>\n<\/div>\n\n\n\n<div class=\"wp-block-uagb-container uagb-block-7179051d\">\n<div class=\"wp-block-buttons is-content-justification-left is-layout-flex wp-container-2\" id=\"https:\/\/docs.google.com\/forms\/d\/e\/1FAIpQLScA0BoBx37JgCv_CoEHpSKWHdRuTZG3UMNgmFgQexAHFP6bzA\/viewform\">\n<div class=\"wp-block-button has-custom-width wp-block-button__width-75 is-style-info\" id=\"https:\/\/docs.google.com\/forms\/d\/e\/1FAIpQLScA0BoBx37JgCv_CoEHpSKWHdRuTZG3UMNgmFgQexAHFP6bzA\/viewform\"><a class=\"wp-block-button__link wp-element-button\" href=\"https:\/\/forms.gle\/5WgHPgZAArFTjAuv6\" target=\"_blank\" rel=\"https:\/\/docs.google.com\/forms\/d\/e\/1FAIpQLScA0BoBx37JgCv_CoEHpSKWHdRuTZG3UMNgmFgQexAHFP6bzA\/viewform noopener\">Formulario de postulaci\u00f3n<\/a><\/div>\n<\/div>\n<\/div>\n<\/div>\n\n\n\n<div class=\"wp-block-uagb-container uagb-block-e5bd262c\">\n<div class=\"wp-block-buttons is-content-justification-center is-layout-flex wp-container-3\" id=\"https:\/\/colombia.mapbiomas.org\/wp-content\/uploads\/sites\/3\/2025\/04\/Preguntas-frecuentes-1er-Premio-MapBiomas-Colombia-2025.pdf\">\n<div class=\"wp-block-button has-custom-width wp-block-button__width-50 is-style-info\" id=\"https:\/\/colombia.mapbiomas.org\/wp-content\/uploads\/sites\/3\/2025\/04\/Preguntas-frecuentes-1er-Premio-MapBiomas-Colombia-2025.pdf\"><a class=\"wp-block-button__link wp-element-button\" href=\"https:\/\/venezuela.mapbiomas.org\/wp-content\/uploads\/sites\/5\/2025\/07\/Premio-MB-Venezuela-2025_FAQ_v2.pdf\" target=\"_blank\" rel=\"https:\/\/colombia.mapbiomas.org\/wp-content\/uploads\/sites\/3\/2025\/04\/Bases-1era-Edicion-Premio-MapBiomas-Colombia-2025.pdf noopener\">FAQ<\/a><\/div>\n<\/div>\n<\/div>\n<\/div>\n\n\n\n<p>La Primera Edici\u00f3n del Premio MapBiomas Venezuela reconoce el uso innovador y transformador de los datos generados por la red. Este evento busca premiar trabajos de investigaci\u00f3n que, mediante el an\u00e1lisis riguroso, conviertan la informaci\u00f3n geoespacial en herramientas de valor para el conocimiento y la incidencia en pol\u00edticas p\u00fablicas, iniciativas educativas y conservaci\u00f3n ambiental.<\/p>\n\n\n\n<p>Este reconocimiento es el resultado de un esfuerzo conjunto entre la red MapBiomas Venezuela y el Instituto de Zoolog\u00eda y Ecolog\u00eda Tropical de la Universidad Central de Venezuela (IZET-UCV).&nbsp;<\/p>\n\n\n\n<p>El evento de premiaci\u00f3n de esta Primera Edici\u00f3n se llev\u00f3 a cabo durante el Seminario Anual MapBiomas Venezuela, realizado el jueves 6 de noviembre de 2025 en el Auditorio \u201cDr. Tob\u00edas Lasser\u201d de la Facultad de Ciencias de la UCV, donde se galardonaron dos categor\u00edas:&nbsp;<\/p>\n\n\n\n<p><strong>Categor\u00eda General:<\/strong> trabajos elaborados por investigadores, estudiantes de pregrado o posgrado, t\u00e9cnicos, docentes o cualquier profesional, que utilicen los datoso productos de MapBiomas Venezuela.<\/p>\n\n\n\n<p><strong>Categor\u00eda Estudiante de Pregrado:<\/strong> trabajos que utilicen los datos o productos de MapBiomas Venezuela cuyo primer autor tenga hasta 30 a\u00f1os y a\u00fan no haya finalizado sus estudios de pregrado o se haya graduado durante el a\u00f1o 2024 o 2025.<\/p>\n\n\n\n<p>Revisa las bases <a href=\"https:\/\/venezuela.mapbiomas.org\/wp-content\/uploads\/sites\/5\/2025\/05\/Premio-MB-Venezuela-2025_TdR-5.pdf\">here<\/a><\/p>\n\n\n\n<figure class=\"wp-block-embed is-type-video is-provider-youtube wp-block-embed-youtube wp-embed-aspect-16-9 wp-has-aspect-ratio\"><div class=\"wp-block-embed__wrapper\">\n<iframe loading=\"lazy\" title=\"MapBiomas Venezuela: 40 years of changes in land cover and land use in the country\" width=\"500\" height=\"281\" src=\"https:\/\/www.youtube.com\/embed\/Y-KvQV-AoFE?start=67&#038;feature=oembed\" frameborder=\"0\" allow=\"accelerometer; autoplay; clipboard-write; encrypted-media; gyroscope; picture-in-picture; web-share\" referrerpolicy=\"strict-origin-when-cross-origin\" allowfullscreen><\/iframe>\n<\/div><\/figure>\n\n\n\n<p><\/p>\n\n\n\n<div class=\"wp-block-uagb-advanced-heading uagb-block-16d6a2c4\"><h4 class=\"uagb-heading-text\"><strong>GANADORES CATEGORIA GENERAL<\/strong><\/h4><\/div>\n\n\n\n<p><\/p>\n\n\n\n<div class=\"wp-block-uagb-container uagb-block-cc9506c7 alignfull uagb-is-root-container\"><div class=\"uagb-container-inner-blocks-wrap\">\n<div class=\"wp-block-uagb-container uagb-block-e165886a\">\n<div class=\"wp-block-uagb-info-box uagb-block-bcb36a09 uagb-infobox__content-wrap  uagb-infobox-icon-above-title uagb-infobox-image-valign-middle peru-award-infobox\"><div class=\"uagb-ifb-content\"><div class=\"uagb-ifb-image-content\"><img decoding=\"async\" src=\"https:\/\/venezuela.mapbiomas.org\/wp-content\/uploads\/sites\/5\/2026\/03\/Juan-Carlos-Amilibia_PMBV-300x150.png\" alt=\"\" width=\"\" height=\"0\" loading=\"lazy\" \/><\/div><div class=\"uagb-ifb-title-wrap\"><h5 class=\"uagb-ifb-title\">1er Lugar<br><\/h5><\/div><\/div><\/div>\n<\/div>\n\n\n\n<div class=\"wp-block-uagb-container peru-award-infobox-text uagb-block-304e7eb6\">\n<p class=\"has-text-align-center\"><strong><em>&nbsp;<\/em>Juan Carlos Amilibia<\/strong><\/p>\n\n\n\n<h6 class=\"wp-block-heading has-text-align-center\"><a href=\"https:\/\/venezuela.mapbiomas.org\/wp-content\/uploads\/sites\/5\/2026\/03\/Juan-Carlos-Amilibia_Resumen.docx.pdf\" target=\"_blank\" rel=\"noreferrer noopener\">EVALUACI\u00d3N DE SITIOS PRIORITARIOS PARA LA CONSERVACI\u00d3N AL SUR DEL R\u00cdO ORINOCO EN VENEZUELA<\/a><\/h6>\n\n\n\n<p class=\"has-text-align-center\">Universidad Central de Venezuela<\/p>\n<\/div>\n<\/div><\/div>\n\n\n\n<div class=\"wp-block-uagb-container uagb-block-a2b96924 alignfull uagb-is-root-container\"><div class=\"uagb-container-inner-blocks-wrap\">\n<div class=\"wp-block-uagb-container uagb-block-012c87ec\">\n<div class=\"wp-block-uagb-info-box uagb-block-1faa0cee uagb-infobox__content-wrap  uagb-infobox-icon-above-title uagb-infobox-image-valign-middle peru-award-infobox\"><div class=\"uagb-ifb-content\"><div class=\"uagb-ifb-image-content\"><img decoding=\"async\" src=\"https:\/\/venezuela.mapbiomas.org\/wp-content\/uploads\/sites\/5\/2026\/03\/Barlin-Olivares_PMBV-300x150.png\" alt=\"\" width=\"\" height=\"0\" loading=\"lazy\" \/><\/div><div class=\"uagb-ifb-title-wrap\"><h5 class=\"uagb-ifb-title\"><br><em>Menci\u00f3n Honor\u00edfica<\/em><br><\/h5><\/div><\/div><\/div>\n<\/div>\n\n\n\n<div class=\"wp-block-uagb-container peru-award-infobox-text uagb-block-771ed4bd\">\n<p class=\"has-text-align-center\"><strong><em><strong>Barlin Olivares Campos, An\u00edbal Rosales Hern\u00e1ndez; Jes\u00fas A. Viloria R; Laila Iskandar Nahas y Pedro Garc\u00eda Montero<\/strong><\/em><\/strong><\/p>\n\n\n\n<h6 class=\"wp-block-heading has-text-align-center\"><em>&nbsp;<\/em><a href=\"https:\/\/venezuela.mapbiomas.org\/wp-content\/uploads\/sites\/5\/2026\/03\/Barlin-Olivares_Resumen.docx.pdf\">TERRITORIAL TRANSFORMATION AND AGRICULTURAL DECLINE UNDER CLIMATE CHANGE IN VENEZUELA<\/a><\/h6>\n\n\n\n<p class=\"has-text-align-center\">Universidad de C\u00f3rdoba, Espa\u00f1a<\/p>\n<\/div>\n<\/div><\/div>\n\n\n\n<p><\/p>\n\n\n\n<div class=\"wp-block-uagb-advanced-heading uagb-block-fc9605b6\"><h4 class=\"uagb-heading-text\"><strong>GANADORES CATEGORIA ESTUDIANTE PREGRADO<\/strong><\/h4><\/div>\n\n\n\n<p><\/p>\n\n\n\n<div class=\"wp-block-uagb-container uagb-block-617e1382 alignfull uagb-is-root-container\"><div class=\"uagb-container-inner-blocks-wrap\">\n<div class=\"wp-block-uagb-container uagb-block-bc4df4c7\">\n<div class=\"wp-block-uagb-info-box uagb-block-254ac87a uagb-infobox__content-wrap  uagb-infobox-icon-above-title uagb-infobox-image-valign-middle peru-award-infobox\"><div class=\"uagb-ifb-content\"><div class=\"uagb-ifb-image-content\"><img decoding=\"async\" src=\"https:\/\/venezuela.mapbiomas.org\/wp-content\/uploads\/sites\/5\/2026\/03\/Alejandro-Vivas_PMBV-300x150.png\" alt=\"\" width=\"\" height=\"0\" loading=\"lazy\" \/><\/div><div class=\"uagb-ifb-title-wrap\"><h5 class=\"uagb-ifb-title\">1er Lugar<br><\/h5><\/div><\/div><\/div>\n<\/div>\n\n\n\n<div class=\"wp-block-uagb-container peru-award-infobox-text uagb-block-929cdfaa\">\n<p class=\"has-text-align-center\"><strong><em><strong><strong>Alejandro Gabriel Vivas Hern\u00e1ndez<\/strong><\/strong><\/em><\/strong><\/p>\n\n\n\n<h6 class=\"wp-block-heading has-text-align-center\"><a href=\"https:\/\/venezuela.mapbiomas.org\/wp-content\/uploads\/sites\/5\/2026\/03\/Alejandro-Vivas_Resumen.docx.pdf\" target=\"_blank\" rel=\"noreferrer noopener\">INFLUENCIA ANTR\u00d3PICA EN LA DISMINUCI\u00d3N DE ESPACIOS NATURALES: AN\u00c1LISIS DEL CAMBIO DE COBERTURA Y USO DEL SUELO EN EL PARQUE NACIONAL WARAIRA REPANO, 1985-2023<\/a><\/h6>\n\n\n\n<p class=\"has-text-align-center\">Universidad Sim\u00f3n Bol\u00edvar<\/p>\n<\/div>\n<\/div><\/div>\n\n\n\n<div class=\"wp-block-uagb-container uagb-block-30bebedd alignfull uagb-is-root-container\"><div class=\"uagb-container-inner-blocks-wrap\">\n<div class=\"wp-block-uagb-container uagb-block-0ae79337\">\n<div class=\"wp-block-uagb-info-box uagb-block-3893e80b uagb-infobox__content-wrap  uagb-infobox-icon-above-title uagb-infobox-image-valign-middle peru-award-infobox\"><div class=\"uagb-ifb-content\"><div class=\"uagb-ifb-image-content\"><img decoding=\"async\" src=\"https:\/\/venezuela.mapbiomas.org\/wp-content\/uploads\/sites\/5\/2026\/03\/Fiorella-Verde_PMBV-300x150.png\" alt=\"\" width=\"\" height=\"0\" loading=\"lazy\" \/><\/div><div class=\"uagb-ifb-title-wrap\"><h5 class=\"uagb-ifb-title\"><br><em>Menci\u00f3n Honor\u00edfica<\/em><br><\/h5><\/div><\/div><\/div>\n<\/div>\n\n\n\n<div class=\"wp-block-uagb-container peru-award-infobox-text uagb-block-db7f3f05\">\n<p class=\"has-text-align-center\"><strong><em><strong><strong><strong>Fiorella Verde Di Muro<\/strong><\/strong><\/strong><\/em><\/strong><\/p>\n\n\n\n<h6 class=\"wp-block-heading has-text-align-center\"><a href=\"https:\/\/venezuela.mapbiomas.org\/wp-content\/uploads\/sites\/5\/2026\/03\/Fiorella-Verde_Resumen.pdf\" target=\"_blank\" rel=\"noreferrer noopener\">UN RECORRIDO POR LOS BOSQUES PERDIDOS DEL ESTADO FALC\u00d3N<\/a><\/h6>\n\n\n\n<p class=\"has-text-align-center\">Universidad Nacional Experimental de Guayana<\/p>\n<\/div>\n<\/div><\/div>","protected":false},"excerpt":{"rendered":"<p>La Primera Edici\u00f3n del Premio MapBiomas Venezuela reconoce el uso innovador y transformador de los datos generados por la red. Este evento busca premiar trabajos de investigaci\u00f3n que, mediante el an\u00e1lisis riguroso, conviertan la informaci\u00f3n geoespacial en herramientas de valor para el conocimiento y la incidencia en pol\u00edticas p\u00fablicas, iniciativas educativas y conservaci\u00f3n ambiental. Este [&hellip;]<\/p>","protected":false},"author":26,"featured_media":0,"parent":0,"menu_order":0,"comment_status":"closed","ping_status":"closed","template":"","meta":{"_uag_custom_page_level_css":""},"acf":[],"uagb_featured_image_src":{"full":false,"thumbnail":false,"medium":false,"medium_large":false,"large":false,"1536x1536":false,"2048x2048":false,"trp-custom-language-flag":false,"infographic":false,"team":false},"uagb_author_info":{"display_name":"edegarbernardes","author_link":"https:\/\/venezuela.mapbiomas.org\/en\/author\/edegarbernardes\/"},"uagb_comment_info":0,"uagb_excerpt":"La Primera Edici\u00f3n del Premio MapBiomas Venezuela reconoce el uso innovador y transformador de los datos generados por la red. Este evento busca premiar trabajos de investigaci\u00f3n que, mediante el an\u00e1lisis riguroso, conviertan la informaci\u00f3n geoespacial en herramientas de valor para el conocimiento y la incidencia en pol\u00edticas p\u00fablicas, iniciativas educativas y conservaci\u00f3n ambiental. Este&hellip;","_links":{"self":[{"href":"https:\/\/venezuela.mapbiomas.org\/en\/wp-json\/wp\/v2\/pages\/970"}],"collection":[{"href":"https:\/\/venezuela.mapbiomas.org\/en\/wp-json\/wp\/v2\/pages"}],"about":[{"href":"https:\/\/venezuela.mapbiomas.org\/en\/wp-json\/wp\/v2\/types\/page"}],"author":[{"embeddable":true,"href":"https:\/\/venezuela.mapbiomas.org\/en\/wp-json\/wp\/v2\/users\/26"}],"replies":[{"embeddable":true,"href":"https:\/\/venezuela.mapbiomas.org\/en\/wp-json\/wp\/v2\/comments?post=970"}],"version-history":[{"count":23,"href":"https:\/\/venezuela.mapbiomas.org\/en\/wp-json\/wp\/v2\/pages\/970\/revisions"}],"predecessor-version":[{"id":1414,"href":"https:\/\/venezuela.mapbiomas.org\/en\/wp-json\/wp\/v2\/pages\/970\/revisions\/1414"}],"wp:attachment":[{"href":"https:\/\/venezuela.mapbiomas.org\/en\/wp-json\/wp\/v2\/media?parent=970"}],"curies":[{"name":"wp","href":"https:\/\/api.w.org\/{rel}","templated":true}]}}